{"id":334,"date":"2012-12-05T13:07:51","date_gmt":"2012-12-05T13:07:51","guid":{"rendered":"http:\/\/www.fiestapero.com\/nouveausite\/?post_type=product&#038;p=334"},"modified":"2023-06-20T02:33:47","modified_gmt":"2023-06-20T02:33:47","slug":"formule-starter","status":"publish","type":"product","link":"https:\/\/www.fiestapero.com\/nouveausite\/produit\/formule-starter\/","title":{"rendered":"Formule Starter"},"content":{"rendered":"<p>\u2022 <strong>1 Bouteille d\u2019alcool (70 cl) \u00e0 choisir parmi<\/strong> :<br \/>\n<strong>Whisky<\/strong> : William Peel ou <strong>Vodka<\/strong> : Poliakov ou <strong>Rhum<\/strong> : Saint James ou <strong>Gin<\/strong> : Gibson&rsquo;s<\/p>\n<p>\u2022 <strong>1 bouteille\u00a0Softs au choix<\/strong> : Coca-Cola, Coca-Cola z\u00e9ro, Fanta orange, Schweppes citron, Schweppes Agrumes, Schweppes Tonic, Schweppes Ginger Ale, Seven UP, Seven UP Mojito, Ice Tea, Oasis tropical, Jus de fruits (Orange, Pomme, Ananas, Multifruit).<\/p>\n<p>\u2022 <strong>Accompagnements<\/strong> : 10 gobelets + gla\u00e7ons + souffl\u00e9s cacahu\u00e8tes ou fromage + chips (30g)<\/p>\n","protected":false},"excerpt":{"rendered":"<p>\u2022 1 Bouteille d\u2019alcool (70 cl) \u00e0 choisir parmi : Whisky : William Peel ou Vodka : Poliakov ou Rhum : Saint James ou Gin : Gibson&rsquo;s \u2022 1 bouteille\u00a0Softs au choix : Coca-Cola, Coca-Cola z\u00e9ro, Fanta orange, Schweppes citron, Schweppes Agrumes, Schweppes Tonic, Schweppes Ginger Ale, Seven UP, Seven UP Mojito, Ice Tea, Oasis [&hellip;]<\/p>\n","protected":false},"featured_media":335,"template":"","meta":{"_et_pb_use_builder":"","_et_pb_old_content":"","_et_gb_content_width":""},"product_brand":[],"product_cat":[390],"product_tag":[256,23,22,306],"class_list":{"0":"post-334","1":"product","2":"type-product","3":"status-publish","4":"has-post-thumbnail","6":"product_cat-formule-alcoolsoft","7":"product_tag-formule","8":"product_tag-rhum","9":"product_tag-vodka","10":"product_tag-whisky-3","12":"first","13":"instock","14":"shipping-taxable","15":"purchasable","16":"product-type-simple"},"yoast_head":"<!-- This site is optimized with the Yoast SEO plugin v27.1.1 - https:\/\/yoast.com\/product\/yoast-seo-wordpress\/ -->\n<title>Formule Starter - Fiesta Apero<\/title>\n<meta name=\"robots\" content=\"index, follow, max-snippet:-1, max-image-preview:large, max-video-preview:-1\" \/>\n<link rel=\"canonical\" href=\"https:\/\/www.fiestapero.com\/nouveausite\/produit\/formule-starter\/\" \/>\n<meta property=\"og:locale\" content=\"fr_FR\" \/>\n<meta property=\"og:type\" content=\"article\" \/>\n<meta property=\"og:title\" content=\"Formule Starter - Fiesta Apero\" \/>\n<meta property=\"og:description\" content=\"\u2022 1 Bouteille d\u2019alcool (70 cl) \u00e0 choisir parmi : Whisky : William Peel ou Vodka : Poliakov ou Rhum : Saint James ou Gin : Gibson&rsquo;s \u2022 1 bouteille\u00a0Softs au choix : Coca-Cola, Coca-Cola z\u00e9ro, Fanta orange, Schweppes citron, Schweppes Agrumes, Schweppes Tonic, Schweppes Ginger Ale, Seven UP, Seven UP Mojito, Ice Tea, Oasis [&hellip;]\" \/>\n<meta property=\"og:url\" content=\"https:\/\/www.fiestapero.com\/nouveausite\/produit\/formule-starter\/\" \/>\n<meta property=\"og:site_name\" content=\"Fiesta Apero\" \/>\n<meta property=\"article:publisher\" content=\"https:\/\/www.facebook.com\/FiestaperoStaff\" \/>\n<meta property=\"article:modified_time\" content=\"2023-06-20T02:33:47+00:00\" \/>\n<meta property=\"og:image\" content=\"https:\/\/www.fiestapero.com\/nouveausite\/http:\/\/www.fiestapero.com\/img\/starter.jpg\" \/>\n\t<meta property=\"og:image:width\" content=\"200\" \/>\n\t<meta property=\"og:image:height\" content=\"226\" \/>\n\t<meta property=\"og:image:type\" content=\"image\/jpeg\" \/>\n<meta name=\"twitter:card\" content=\"summary_large_image\" \/>\n<meta name=\"twitter:label1\" content=\"Dur\u00e9e de lecture estim\u00e9e\" \/>\n\t<meta name=\"twitter:data1\" content=\"1 minute\" \/>\n<script type=\"application\/ld+json\" class=\"yoast-schema-graph\">{\"@context\":\"https:\/\/schema.org\",\"@graph\":[{\"@type\":\"WebPage\",\"@id\":\"https:\/\/www.fiestapero.com\/nouveausite\/produit\/formule-starter\/\",\"url\":\"https:\/\/www.fiestapero.com\/nouveausite\/produit\/formule-starter\/\",\"name\":\"Formule Starter - Fiesta Apero\",\"isPartOf\":{\"@id\":\"https:\/\/www.fiestapero.com\/nouveausite\/#website\"},\"primaryImageOfPage\":{\"@id\":\"https:\/\/www.fiestapero.com\/nouveausite\/produit\/formule-starter\/#primaryimage\"},\"image\":{\"@id\":\"https:\/\/www.fiestapero.com\/nouveausite\/produit\/formule-starter\/#primaryimage\"},\"thumbnailUrl\":\"https:\/\/www.fiestapero.com\/nouveausite\/http:\/\/www.fiestapero.com\/img\/starter.jpg\",\"datePublished\":\"2012-12-05T13:07:51+00:00\",\"dateModified\":\"2023-06-20T02:33:47+00:00\",\"breadcrumb\":{\"@id\":\"https:\/\/www.fiestapero.com\/nouveausite\/produit\/formule-starter\/#breadcrumb\"},\"inLanguage\":\"fr-FR\",\"potentialAction\":[{\"@type\":\"ReadAction\",\"target\":[\"https:\/\/www.fiestapero.com\/nouveausite\/produit\/formule-starter\/\"]}]},{\"@type\":\"ImageObject\",\"inLanguage\":\"fr-FR\",\"@id\":\"https:\/\/www.fiestapero.com\/nouveausite\/produit\/formule-starter\/#primaryimage\",\"url\":\"https:\/\/www.fiestapero.com\/nouveausite\/http:\/\/www.fiestapero.com\/img\/starter.jpg\",\"contentUrl\":\"https:\/\/www.fiestapero.com\/nouveausite\/http:\/\/www.fiestapero.com\/img\/starter.jpg\",\"width\":200,\"height\":226},{\"@type\":\"BreadcrumbList\",\"@id\":\"https:\/\/www.fiestapero.com\/nouveausite\/produit\/formule-starter\/#breadcrumb\",\"itemListElement\":[{\"@type\":\"ListItem\",\"position\":1,\"name\":\"Accueil\",\"item\":\"https:\/\/www.fiestapero.com\/nouveausite\/\"},{\"@type\":\"ListItem\",\"position\":2,\"name\":\"Boutique\",\"item\":\"https:\/\/www.fiestapero.com\/nouveausite\/boutique\/\"},{\"@type\":\"ListItem\",\"position\":3,\"name\":\"Formule Starter\"}]},{\"@type\":\"WebSite\",\"@id\":\"https:\/\/www.fiestapero.com\/nouveausite\/#website\",\"url\":\"https:\/\/www.fiestapero.com\/nouveausite\/\",\"name\":\"Fiest'Ap\u00e9ro\",\"description\":\"Livraison d&#039;ap\u00e9ro \u00e0 domicile\",\"publisher\":{\"@id\":\"https:\/\/www.fiestapero.com\/nouveausite\/#organization\"},\"potentialAction\":[{\"@type\":\"SearchAction\",\"target\":{\"@type\":\"EntryPoint\",\"urlTemplate\":\"https:\/\/www.fiestapero.com\/nouveausite\/?s={search_term_string}\"},\"query-input\":{\"@type\":\"PropertyValueSpecification\",\"valueRequired\":true,\"valueName\":\"search_term_string\"}}],\"inLanguage\":\"fr-FR\"},{\"@type\":\"Organization\",\"@id\":\"https:\/\/www.fiestapero.com\/nouveausite\/#organization\",\"name\":\"Fiest'Ap\u00e9ro\",\"url\":\"https:\/\/www.fiestapero.com\/nouveausite\/\",\"logo\":{\"@type\":\"ImageObject\",\"inLanguage\":\"fr-FR\",\"@id\":\"https:\/\/www.fiestapero.com\/nouveausite\/#\/schema\/logo\/image\/\",\"url\":\"https:\/\/www.fiestapero.com\/nouveausite\/http:\/\/www.fiestapero.com\/img\/cropped-logo-fiestapero.jpg\",\"contentUrl\":\"https:\/\/www.fiestapero.com\/nouveausite\/http:\/\/www.fiestapero.com\/img\/cropped-logo-fiestapero.jpg\",\"width\":1300,\"height\":434,\"caption\":\"Fiest'Ap\u00e9ro\"},\"image\":{\"@id\":\"https:\/\/www.fiestapero.com\/nouveausite\/#\/schema\/logo\/image\/\"},\"sameAs\":[\"https:\/\/www.facebook.com\/FiestaperoStaff\",\"https:\/\/www.instagram.com\/fiestapero_limoges\/\"]}]}<\/script>\n<!-- \/ Yoast SEO plugin. -->","yoast_head_json":{"title":"Formule Starter - Fiesta Apero","robots":{"index":"index","follow":"follow","max-snippet":"max-snippet:-1","max-image-preview":"max-image-preview:large","max-video-preview":"max-video-preview:-1"},"canonical":"https:\/\/www.fiestapero.com\/nouveausite\/produit\/formule-starter\/","og_locale":"fr_FR","og_type":"article","og_title":"Formule Starter - Fiesta Apero","og_description":"\u2022 1 Bouteille d\u2019alcool (70 cl) \u00e0 choisir parmi : Whisky : William Peel ou Vodka : Poliakov ou Rhum : Saint James ou Gin : Gibson&rsquo;s \u2022 1 bouteille\u00a0Softs au choix : Coca-Cola, Coca-Cola z\u00e9ro, Fanta orange, Schweppes citron, Schweppes Agrumes, Schweppes Tonic, Schweppes Ginger Ale, Seven UP, Seven UP Mojito, Ice Tea, Oasis [&hellip;]","og_url":"https:\/\/www.fiestapero.com\/nouveausite\/produit\/formule-starter\/","og_site_name":"Fiesta Apero","article_publisher":"https:\/\/www.facebook.com\/FiestaperoStaff","article_modified_time":"2023-06-20T02:33:47+00:00","og_image":[{"width":200,"height":226,"url":"https:\/\/www.fiestapero.com\/nouveausite\/http:\/\/www.fiestapero.com\/img\/starter.jpg","type":"image\/jpeg"}],"twitter_card":"summary_large_image","twitter_misc":{"Dur\u00e9e de lecture estim\u00e9e":"1 minute"},"schema":{"@context":"https:\/\/schema.org","@graph":[{"@type":"WebPage","@id":"https:\/\/www.fiestapero.com\/nouveausite\/produit\/formule-starter\/","url":"https:\/\/www.fiestapero.com\/nouveausite\/produit\/formule-starter\/","name":"Formule Starter - Fiesta Apero","isPartOf":{"@id":"https:\/\/www.fiestapero.com\/nouveausite\/#website"},"primaryImageOfPage":{"@id":"https:\/\/www.fiestapero.com\/nouveausite\/produit\/formule-starter\/#primaryimage"},"image":{"@id":"https:\/\/www.fiestapero.com\/nouveausite\/produit\/formule-starter\/#primaryimage"},"thumbnailUrl":"https:\/\/www.fiestapero.com\/nouveausite\/http:\/\/www.fiestapero.com\/img\/starter.jpg","datePublished":"2012-12-05T13:07:51+00:00","dateModified":"2023-06-20T02:33:47+00:00","breadcrumb":{"@id":"https:\/\/www.fiestapero.com\/nouveausite\/produit\/formule-starter\/#breadcrumb"},"inLanguage":"fr-FR","potentialAction":[{"@type":"ReadAction","target":["https:\/\/www.fiestapero.com\/nouveausite\/produit\/formule-starter\/"]}]},{"@type":"ImageObject","inLanguage":"fr-FR","@id":"https:\/\/www.fiestapero.com\/nouveausite\/produit\/formule-starter\/#primaryimage","url":"https:\/\/www.fiestapero.com\/nouveausite\/http:\/\/www.fiestapero.com\/img\/starter.jpg","contentUrl":"https:\/\/www.fiestapero.com\/nouveausite\/http:\/\/www.fiestapero.com\/img\/starter.jpg","width":200,"height":226},{"@type":"BreadcrumbList","@id":"https:\/\/www.fiestapero.com\/nouveausite\/produit\/formule-starter\/#breadcrumb","itemListElement":[{"@type":"ListItem","position":1,"name":"Accueil","item":"https:\/\/www.fiestapero.com\/nouveausite\/"},{"@type":"ListItem","position":2,"name":"Boutique","item":"https:\/\/www.fiestapero.com\/nouveausite\/boutique\/"},{"@type":"ListItem","position":3,"name":"Formule Starter"}]},{"@type":"WebSite","@id":"https:\/\/www.fiestapero.com\/nouveausite\/#website","url":"https:\/\/www.fiestapero.com\/nouveausite\/","name":"Fiest'Ap\u00e9ro","description":"Livraison d&#039;ap\u00e9ro \u00e0 domicile","publisher":{"@id":"https:\/\/www.fiestapero.com\/nouveausite\/#organization"},"potentialAction":[{"@type":"SearchAction","target":{"@type":"EntryPoint","urlTemplate":"https:\/\/www.fiestapero.com\/nouveausite\/?s={search_term_string}"},"query-input":{"@type":"PropertyValueSpecification","valueRequired":true,"valueName":"search_term_string"}}],"inLanguage":"fr-FR"},{"@type":"Organization","@id":"https:\/\/www.fiestapero.com\/nouveausite\/#organization","name":"Fiest'Ap\u00e9ro","url":"https:\/\/www.fiestapero.com\/nouveausite\/","logo":{"@type":"ImageObject","inLanguage":"fr-FR","@id":"https:\/\/www.fiestapero.com\/nouveausite\/#\/schema\/logo\/image\/","url":"https:\/\/www.fiestapero.com\/nouveausite\/http:\/\/www.fiestapero.com\/img\/cropped-logo-fiestapero.jpg","contentUrl":"https:\/\/www.fiestapero.com\/nouveausite\/http:\/\/www.fiestapero.com\/img\/cropped-logo-fiestapero.jpg","width":1300,"height":434,"caption":"Fiest'Ap\u00e9ro"},"image":{"@id":"https:\/\/www.fiestapero.com\/nouveausite\/#\/schema\/logo\/image\/"},"sameAs":["https:\/\/www.facebook.com\/FiestaperoStaff","https:\/\/www.instagram.com\/fiestapero_limoges\/"]}]}},"_links":{"self":[{"href":"https:\/\/www.fiestapero.com\/nouveausite\/wp-json\/wp\/v2\/product\/334","targetHints":{"allow":["GET"]}}],"collection":[{"href":"https:\/\/www.fiestapero.com\/nouveausite\/wp-json\/wp\/v2\/product"}],"about":[{"href":"https:\/\/www.fiestapero.com\/nouveausite\/wp-json\/wp\/v2\/types\/product"}],"wp:featuredmedia":[{"embeddable":true,"href":"https:\/\/www.fiestapero.com\/nouveausite\/wp-json\/wp\/v2\/media\/335"}],"wp:attachment":[{"href":"https:\/\/www.fiestapero.com\/nouveausite\/wp-json\/wp\/v2\/media?parent=334"}],"wp:term":[{"taxonomy":"product_brand","embeddable":true,"href":"https:\/\/www.fiestapero.com\/nouveausite\/wp-json\/wp\/v2\/product_brand?post=334"},{"taxonomy":"product_cat","embeddable":true,"href":"https:\/\/www.fiestapero.com\/nouveausite\/wp-json\/wp\/v2\/product_cat?post=334"},{"taxonomy":"product_tag","embeddable":true,"href":"https:\/\/www.fiestapero.com\/nouveausite\/wp-json\/wp\/v2\/product_tag?post=334"}],"curies":[{"name":"wp","href":"https:\/\/api.w.org\/{rel}","templated":true}]}}