{"id":1978,"date":"2025-05-06T21:28:10","date_gmt":"2025-05-06T21:28:10","guid":{"rendered":"https:\/\/www.fiestapero.com\/nouveausite\/?post_type=product&#038;p=1978"},"modified":"2025-05-06T21:28:11","modified_gmt":"2025-05-06T21:28:11","slug":"fanta-mangue-fruit-du-dragon","status":"publish","type":"product","link":"https:\/\/www.fiestapero.com\/nouveausite\/produit\/fanta-mangue-fruit-du-dragon\/","title":{"rendered":"Fanta mangue \/ fruit du dragon"},"content":{"rendered":"<p>Fanta mangue \/ fruit du dragon<\/p>\n","protected":false},"excerpt":{"rendered":"<p>Fanta mangue \/ fruit du dragon<\/p>\n","protected":false},"featured_media":1979,"template":"","meta":{"_et_pb_use_builder":"","_et_pb_old_content":"","_et_gb_content_width":""},"product_brand":[],"product_cat":[298],"product_tag":[],"class_list":{"0":"post-1978","1":"product","2":"type-product","3":"status-publish","4":"has-post-thumbnail","6":"product_cat-sodas-2","8":"first","9":"instock","10":"shipping-taxable","11":"purchasable","12":"product-type-simple"},"yoast_head":"<!-- This site is optimized with the Yoast SEO plugin v27.1.1 - https:\/\/yoast.com\/product\/yoast-seo-wordpress\/ -->\n<title>Fanta mangue \/ fruit du dragon - Fiesta Apero<\/title>\n<meta name=\"robots\" content=\"index, follow, max-snippet:-1, max-image-preview:large, max-video-preview:-1\" \/>\n<link rel=\"canonical\" href=\"https:\/\/www.fiestapero.com\/nouveausite\/produit\/fanta-mangue-fruit-du-dragon\/\" \/>\n<meta property=\"og:locale\" content=\"fr_FR\" \/>\n<meta property=\"og:type\" content=\"article\" \/>\n<meta property=\"og:title\" content=\"Fanta mangue \/ fruit du dragon - Fiesta Apero\" \/>\n<meta property=\"og:description\" content=\"Fanta mangue \/ fruit du dragon\" \/>\n<meta property=\"og:url\" content=\"https:\/\/www.fiestapero.com\/nouveausite\/produit\/fanta-mangue-fruit-du-dragon\/\" \/>\n<meta property=\"og:site_name\" content=\"Fiesta Apero\" \/>\n<meta property=\"article:publisher\" content=\"https:\/\/www.facebook.com\/FiestaperoStaff\" \/>\n<meta property=\"article:modified_time\" content=\"2025-05-06T21:28:11+00:00\" \/>\n<meta property=\"og:image\" content=\"https:\/\/www.fiestapero.com\/nouveausite\/http:\/\/www.fiestapero.com\/img\/Fanta-mangue-fruit-du-dragon.png\" \/>\n\t<meta property=\"og:image:width\" content=\"400\" \/>\n\t<meta property=\"og:image:height\" content=\"400\" \/>\n\t<meta property=\"og:image:type\" content=\"image\/png\" \/>\n<meta name=\"twitter:card\" content=\"summary_large_image\" \/>\n<meta name=\"twitter:label1\" content=\"Dur\u00e9e de lecture estim\u00e9e\" \/>\n\t<meta name=\"twitter:data1\" content=\"1 minute\" \/>\n<script type=\"application\/ld+json\" class=\"yoast-schema-graph\">{\"@context\":\"https:\/\/schema.org\",\"@graph\":[{\"@type\":\"WebPage\",\"@id\":\"https:\/\/www.fiestapero.com\/nouveausite\/produit\/fanta-mangue-fruit-du-dragon\/\",\"url\":\"https:\/\/www.fiestapero.com\/nouveausite\/produit\/fanta-mangue-fruit-du-dragon\/\",\"name\":\"Fanta mangue \/ fruit du dragon - Fiesta Apero\",\"isPartOf\":{\"@id\":\"https:\/\/www.fiestapero.com\/nouveausite\/#website\"},\"primaryImageOfPage\":{\"@id\":\"https:\/\/www.fiestapero.com\/nouveausite\/produit\/fanta-mangue-fruit-du-dragon\/#primaryimage\"},\"image\":{\"@id\":\"https:\/\/www.fiestapero.com\/nouveausite\/produit\/fanta-mangue-fruit-du-dragon\/#primaryimage\"},\"thumbnailUrl\":\"https:\/\/www.fiestapero.com\/nouveausite\/http:\/\/www.fiestapero.com\/img\/Fanta-mangue-fruit-du-dragon.png\",\"datePublished\":\"2025-05-06T21:28:10+00:00\",\"dateModified\":\"2025-05-06T21:28:11+00:00\",\"breadcrumb\":{\"@id\":\"https:\/\/www.fiestapero.com\/nouveausite\/produit\/fanta-mangue-fruit-du-dragon\/#breadcrumb\"},\"inLanguage\":\"fr-FR\",\"potentialAction\":[{\"@type\":\"ReadAction\",\"target\":[\"https:\/\/www.fiestapero.com\/nouveausite\/produit\/fanta-mangue-fruit-du-dragon\/\"]}]},{\"@type\":\"ImageObject\",\"inLanguage\":\"fr-FR\",\"@id\":\"https:\/\/www.fiestapero.com\/nouveausite\/produit\/fanta-mangue-fruit-du-dragon\/#primaryimage\",\"url\":\"https:\/\/www.fiestapero.com\/nouveausite\/http:\/\/www.fiestapero.com\/img\/Fanta-mangue-fruit-du-dragon.png\",\"contentUrl\":\"https:\/\/www.fiestapero.com\/nouveausite\/http:\/\/www.fiestapero.com\/img\/Fanta-mangue-fruit-du-dragon.png\",\"width\":400,\"height\":400},{\"@type\":\"BreadcrumbList\",\"@id\":\"https:\/\/www.fiestapero.com\/nouveausite\/produit\/fanta-mangue-fruit-du-dragon\/#breadcrumb\",\"itemListElement\":[{\"@type\":\"ListItem\",\"position\":1,\"name\":\"Accueil\",\"item\":\"https:\/\/www.fiestapero.com\/nouveausite\/\"},{\"@type\":\"ListItem\",\"position\":2,\"name\":\"Boutique\",\"item\":\"https:\/\/www.fiestapero.com\/nouveausite\/boutique\/\"},{\"@type\":\"ListItem\",\"position\":3,\"name\":\"Fanta mangue \/ fruit du dragon\"}]},{\"@type\":\"WebSite\",\"@id\":\"https:\/\/www.fiestapero.com\/nouveausite\/#website\",\"url\":\"https:\/\/www.fiestapero.com\/nouveausite\/\",\"name\":\"Fiest'Ap\u00e9ro\",\"description\":\"Livraison d&#039;ap\u00e9ro \u00e0 domicile\",\"publisher\":{\"@id\":\"https:\/\/www.fiestapero.com\/nouveausite\/#organization\"},\"potentialAction\":[{\"@type\":\"SearchAction\",\"target\":{\"@type\":\"EntryPoint\",\"urlTemplate\":\"https:\/\/www.fiestapero.com\/nouveausite\/?s={search_term_string}\"},\"query-input\":{\"@type\":\"PropertyValueSpecification\",\"valueRequired\":true,\"valueName\":\"search_term_string\"}}],\"inLanguage\":\"fr-FR\"},{\"@type\":\"Organization\",\"@id\":\"https:\/\/www.fiestapero.com\/nouveausite\/#organization\",\"name\":\"Fiest'Ap\u00e9ro\",\"url\":\"https:\/\/www.fiestapero.com\/nouveausite\/\",\"logo\":{\"@type\":\"ImageObject\",\"inLanguage\":\"fr-FR\",\"@id\":\"https:\/\/www.fiestapero.com\/nouveausite\/#\/schema\/logo\/image\/\",\"url\":\"https:\/\/www.fiestapero.com\/nouveausite\/http:\/\/www.fiestapero.com\/img\/cropped-logo-fiestapero.jpg\",\"contentUrl\":\"https:\/\/www.fiestapero.com\/nouveausite\/http:\/\/www.fiestapero.com\/img\/cropped-logo-fiestapero.jpg\",\"width\":1300,\"height\":434,\"caption\":\"Fiest'Ap\u00e9ro\"},\"image\":{\"@id\":\"https:\/\/www.fiestapero.com\/nouveausite\/#\/schema\/logo\/image\/\"},\"sameAs\":[\"https:\/\/www.facebook.com\/FiestaperoStaff\",\"https:\/\/www.instagram.com\/fiestapero_limoges\/\"]}]}<\/script>\n<!-- \/ Yoast SEO plugin. -->","yoast_head_json":{"title":"Fanta mangue \/ fruit du dragon - Fiesta Apero","robots":{"index":"index","follow":"follow","max-snippet":"max-snippet:-1","max-image-preview":"max-image-preview:large","max-video-preview":"max-video-preview:-1"},"canonical":"https:\/\/www.fiestapero.com\/nouveausite\/produit\/fanta-mangue-fruit-du-dragon\/","og_locale":"fr_FR","og_type":"article","og_title":"Fanta mangue \/ fruit du dragon - Fiesta Apero","og_description":"Fanta mangue \/ fruit du dragon","og_url":"https:\/\/www.fiestapero.com\/nouveausite\/produit\/fanta-mangue-fruit-du-dragon\/","og_site_name":"Fiesta Apero","article_publisher":"https:\/\/www.facebook.com\/FiestaperoStaff","article_modified_time":"2025-05-06T21:28:11+00:00","og_image":[{"width":400,"height":400,"url":"https:\/\/www.fiestapero.com\/nouveausite\/http:\/\/www.fiestapero.com\/img\/Fanta-mangue-fruit-du-dragon.png","type":"image\/png"}],"twitter_card":"summary_large_image","twitter_misc":{"Dur\u00e9e de lecture estim\u00e9e":"1 minute"},"schema":{"@context":"https:\/\/schema.org","@graph":[{"@type":"WebPage","@id":"https:\/\/www.fiestapero.com\/nouveausite\/produit\/fanta-mangue-fruit-du-dragon\/","url":"https:\/\/www.fiestapero.com\/nouveausite\/produit\/fanta-mangue-fruit-du-dragon\/","name":"Fanta mangue \/ fruit du dragon - Fiesta Apero","isPartOf":{"@id":"https:\/\/www.fiestapero.com\/nouveausite\/#website"},"primaryImageOfPage":{"@id":"https:\/\/www.fiestapero.com\/nouveausite\/produit\/fanta-mangue-fruit-du-dragon\/#primaryimage"},"image":{"@id":"https:\/\/www.fiestapero.com\/nouveausite\/produit\/fanta-mangue-fruit-du-dragon\/#primaryimage"},"thumbnailUrl":"https:\/\/www.fiestapero.com\/nouveausite\/http:\/\/www.fiestapero.com\/img\/Fanta-mangue-fruit-du-dragon.png","datePublished":"2025-05-06T21:28:10+00:00","dateModified":"2025-05-06T21:28:11+00:00","breadcrumb":{"@id":"https:\/\/www.fiestapero.com\/nouveausite\/produit\/fanta-mangue-fruit-du-dragon\/#breadcrumb"},"inLanguage":"fr-FR","potentialAction":[{"@type":"ReadAction","target":["https:\/\/www.fiestapero.com\/nouveausite\/produit\/fanta-mangue-fruit-du-dragon\/"]}]},{"@type":"ImageObject","inLanguage":"fr-FR","@id":"https:\/\/www.fiestapero.com\/nouveausite\/produit\/fanta-mangue-fruit-du-dragon\/#primaryimage","url":"https:\/\/www.fiestapero.com\/nouveausite\/http:\/\/www.fiestapero.com\/img\/Fanta-mangue-fruit-du-dragon.png","contentUrl":"https:\/\/www.fiestapero.com\/nouveausite\/http:\/\/www.fiestapero.com\/img\/Fanta-mangue-fruit-du-dragon.png","width":400,"height":400},{"@type":"BreadcrumbList","@id":"https:\/\/www.fiestapero.com\/nouveausite\/produit\/fanta-mangue-fruit-du-dragon\/#breadcrumb","itemListElement":[{"@type":"ListItem","position":1,"name":"Accueil","item":"https:\/\/www.fiestapero.com\/nouveausite\/"},{"@type":"ListItem","position":2,"name":"Boutique","item":"https:\/\/www.fiestapero.com\/nouveausite\/boutique\/"},{"@type":"ListItem","position":3,"name":"Fanta mangue \/ fruit du dragon"}]},{"@type":"WebSite","@id":"https:\/\/www.fiestapero.com\/nouveausite\/#website","url":"https:\/\/www.fiestapero.com\/nouveausite\/","name":"Fiest'Ap\u00e9ro","description":"Livraison d&#039;ap\u00e9ro \u00e0 domicile","publisher":{"@id":"https:\/\/www.fiestapero.com\/nouveausite\/#organization"},"potentialAction":[{"@type":"SearchAction","target":{"@type":"EntryPoint","urlTemplate":"https:\/\/www.fiestapero.com\/nouveausite\/?s={search_term_string}"},"query-input":{"@type":"PropertyValueSpecification","valueRequired":true,"valueName":"search_term_string"}}],"inLanguage":"fr-FR"},{"@type":"Organization","@id":"https:\/\/www.fiestapero.com\/nouveausite\/#organization","name":"Fiest'Ap\u00e9ro","url":"https:\/\/www.fiestapero.com\/nouveausite\/","logo":{"@type":"ImageObject","inLanguage":"fr-FR","@id":"https:\/\/www.fiestapero.com\/nouveausite\/#\/schema\/logo\/image\/","url":"https:\/\/www.fiestapero.com\/nouveausite\/http:\/\/www.fiestapero.com\/img\/cropped-logo-fiestapero.jpg","contentUrl":"https:\/\/www.fiestapero.com\/nouveausite\/http:\/\/www.fiestapero.com\/img\/cropped-logo-fiestapero.jpg","width":1300,"height":434,"caption":"Fiest'Ap\u00e9ro"},"image":{"@id":"https:\/\/www.fiestapero.com\/nouveausite\/#\/schema\/logo\/image\/"},"sameAs":["https:\/\/www.facebook.com\/FiestaperoStaff","https:\/\/www.instagram.com\/fiestapero_limoges\/"]}]}},"_links":{"self":[{"href":"https:\/\/www.fiestapero.com\/nouveausite\/wp-json\/wp\/v2\/product\/1978","targetHints":{"allow":["GET"]}}],"collection":[{"href":"https:\/\/www.fiestapero.com\/nouveausite\/wp-json\/wp\/v2\/product"}],"about":[{"href":"https:\/\/www.fiestapero.com\/nouveausite\/wp-json\/wp\/v2\/types\/product"}],"wp:featuredmedia":[{"embeddable":true,"href":"https:\/\/www.fiestapero.com\/nouveausite\/wp-json\/wp\/v2\/media\/1979"}],"wp:attachment":[{"href":"https:\/\/www.fiestapero.com\/nouveausite\/wp-json\/wp\/v2\/media?parent=1978"}],"wp:term":[{"taxonomy":"product_brand","embeddable":true,"href":"https:\/\/www.fiestapero.com\/nouveausite\/wp-json\/wp\/v2\/product_brand?post=1978"},{"taxonomy":"product_cat","embeddable":true,"href":"https:\/\/www.fiestapero.com\/nouveausite\/wp-json\/wp\/v2\/product_cat?post=1978"},{"taxonomy":"product_tag","embeddable":true,"href":"https:\/\/www.fiestapero.com\/nouveausite\/wp-json\/wp\/v2\/product_tag?post=1978"}],"curies":[{"name":"wp","href":"https:\/\/api.w.org\/{rel}","templated":true}]}}