{"id":1141,"date":"2021-07-29T17:57:36","date_gmt":"2021-07-29T17:57:36","guid":{"rendered":"https:\/\/www.fiestapero.com\/nouveausite\/?post_type=product&#038;p=1141"},"modified":"2021-07-29T17:57:53","modified_gmt":"2021-07-29T17:57:53","slug":"ethylotest","status":"publish","type":"product","link":"https:\/\/www.fiestapero.com\/nouveausite\/produit\/ethylotest\/","title":{"rendered":"\u00c9thylotest (0,5 et 0,2)"},"content":{"rendered":"<p>\u00c9thylotest \u00e0 usage unique<\/p>\n","protected":false},"excerpt":{"rendered":"<p>\u00c9thylotest \u00e0 usage unique<\/p>\n","protected":false},"featured_media":1129,"template":"","meta":{"_et_pb_use_builder":"","_et_pb_old_content":"","_et_gb_content_width":""},"product_brand":[],"product_cat":[304],"product_tag":[],"class_list":{"0":"post-1141","1":"product","2":"type-product","3":"status-publish","4":"has-post-thumbnail","6":"product_cat-les-pour-lapero","8":"first","9":"instock","10":"shipping-taxable","11":"purchasable","12":"product-type-simple"},"yoast_head":"<!-- This site is optimized with the Yoast SEO plugin v27.1.1 - https:\/\/yoast.com\/product\/yoast-seo-wordpress\/ -->\n<title>\u00c9thylotest (0,5 et 0,2) - Fiesta Apero<\/title>\n<meta name=\"robots\" content=\"index, follow, max-snippet:-1, max-image-preview:large, max-video-preview:-1\" \/>\n<link rel=\"canonical\" href=\"https:\/\/www.fiestapero.com\/nouveausite\/produit\/ethylotest\/\" \/>\n<meta property=\"og:locale\" content=\"fr_FR\" \/>\n<meta property=\"og:type\" content=\"article\" \/>\n<meta property=\"og:title\" content=\"\u00c9thylotest (0,5 et 0,2) - Fiesta Apero\" \/>\n<meta property=\"og:description\" content=\"\u00c9thylotest \u00e0 usage unique\" \/>\n<meta property=\"og:url\" content=\"https:\/\/www.fiestapero.com\/nouveausite\/produit\/ethylotest\/\" \/>\n<meta property=\"og:site_name\" content=\"Fiesta Apero\" \/>\n<meta property=\"article:publisher\" content=\"https:\/\/www.facebook.com\/FiestaperoStaff\" \/>\n<meta property=\"article:modified_time\" content=\"2021-07-29T17:57:53+00:00\" \/>\n<meta property=\"og:image\" content=\"https:\/\/www.fiestapero.com\/nouveausite\/http:\/\/www.fiestapero.com\/img\/ethylotest-a-usage-unique.jpg\" \/>\n\t<meta property=\"og:image:width\" content=\"520\" \/>\n\t<meta property=\"og:image:height\" content=\"413\" \/>\n\t<meta property=\"og:image:type\" content=\"image\/jpeg\" \/>\n<meta name=\"twitter:card\" content=\"summary_large_image\" \/>\n<script type=\"application\/ld+json\" class=\"yoast-schema-graph\">{\"@context\":\"https:\/\/schema.org\",\"@graph\":[{\"@type\":\"WebPage\",\"@id\":\"https:\/\/www.fiestapero.com\/nouveausite\/produit\/ethylotest\/\",\"url\":\"https:\/\/www.fiestapero.com\/nouveausite\/produit\/ethylotest\/\",\"name\":\"\u00c9thylotest (0,5 et 0,2) - Fiesta Apero\",\"isPartOf\":{\"@id\":\"https:\/\/www.fiestapero.com\/nouveausite\/#website\"},\"primaryImageOfPage\":{\"@id\":\"https:\/\/www.fiestapero.com\/nouveausite\/produit\/ethylotest\/#primaryimage\"},\"image\":{\"@id\":\"https:\/\/www.fiestapero.com\/nouveausite\/produit\/ethylotest\/#primaryimage\"},\"thumbnailUrl\":\"https:\/\/www.fiestapero.com\/nouveausite\/http:\/\/www.fiestapero.com\/img\/ethylotest-a-usage-unique.jpg\",\"datePublished\":\"2021-07-29T17:57:36+00:00\",\"dateModified\":\"2021-07-29T17:57:53+00:00\",\"breadcrumb\":{\"@id\":\"https:\/\/www.fiestapero.com\/nouveausite\/produit\/ethylotest\/#breadcrumb\"},\"inLanguage\":\"fr-FR\",\"potentialAction\":[{\"@type\":\"ReadAction\",\"target\":[\"https:\/\/www.fiestapero.com\/nouveausite\/produit\/ethylotest\/\"]}]},{\"@type\":\"ImageObject\",\"inLanguage\":\"fr-FR\",\"@id\":\"https:\/\/www.fiestapero.com\/nouveausite\/produit\/ethylotest\/#primaryimage\",\"url\":\"https:\/\/www.fiestapero.com\/nouveausite\/http:\/\/www.fiestapero.com\/img\/ethylotest-a-usage-unique.jpg\",\"contentUrl\":\"https:\/\/www.fiestapero.com\/nouveausite\/http:\/\/www.fiestapero.com\/img\/ethylotest-a-usage-unique.jpg\",\"width\":520,\"height\":413},{\"@type\":\"BreadcrumbList\",\"@id\":\"https:\/\/www.fiestapero.com\/nouveausite\/produit\/ethylotest\/#breadcrumb\",\"itemListElement\":[{\"@type\":\"ListItem\",\"position\":1,\"name\":\"Accueil\",\"item\":\"https:\/\/www.fiestapero.com\/nouveausite\/\"},{\"@type\":\"ListItem\",\"position\":2,\"name\":\"Boutique\",\"item\":\"https:\/\/www.fiestapero.com\/nouveausite\/boutique\/\"},{\"@type\":\"ListItem\",\"position\":3,\"name\":\"\u00c9thylotest (0,5 et 0,2)\"}]},{\"@type\":\"WebSite\",\"@id\":\"https:\/\/www.fiestapero.com\/nouveausite\/#website\",\"url\":\"https:\/\/www.fiestapero.com\/nouveausite\/\",\"name\":\"Fiest'Ap\u00e9ro\",\"description\":\"Livraison d&#039;ap\u00e9ro \u00e0 domicile\",\"publisher\":{\"@id\":\"https:\/\/www.fiestapero.com\/nouveausite\/#organization\"},\"potentialAction\":[{\"@type\":\"SearchAction\",\"target\":{\"@type\":\"EntryPoint\",\"urlTemplate\":\"https:\/\/www.fiestapero.com\/nouveausite\/?s={search_term_string}\"},\"query-input\":{\"@type\":\"PropertyValueSpecification\",\"valueRequired\":true,\"valueName\":\"search_term_string\"}}],\"inLanguage\":\"fr-FR\"},{\"@type\":\"Organization\",\"@id\":\"https:\/\/www.fiestapero.com\/nouveausite\/#organization\",\"name\":\"Fiest'Ap\u00e9ro\",\"url\":\"https:\/\/www.fiestapero.com\/nouveausite\/\",\"logo\":{\"@type\":\"ImageObject\",\"inLanguage\":\"fr-FR\",\"@id\":\"https:\/\/www.fiestapero.com\/nouveausite\/#\/schema\/logo\/image\/\",\"url\":\"https:\/\/www.fiestapero.com\/nouveausite\/http:\/\/www.fiestapero.com\/img\/cropped-logo-fiestapero.jpg\",\"contentUrl\":\"https:\/\/www.fiestapero.com\/nouveausite\/http:\/\/www.fiestapero.com\/img\/cropped-logo-fiestapero.jpg\",\"width\":1300,\"height\":434,\"caption\":\"Fiest'Ap\u00e9ro\"},\"image\":{\"@id\":\"https:\/\/www.fiestapero.com\/nouveausite\/#\/schema\/logo\/image\/\"},\"sameAs\":[\"https:\/\/www.facebook.com\/FiestaperoStaff\",\"https:\/\/www.instagram.com\/fiestapero_limoges\/\"]}]}<\/script>\n<!-- \/ Yoast SEO plugin. -->","yoast_head_json":{"title":"\u00c9thylotest (0,5 et 0,2) - Fiesta Apero","robots":{"index":"index","follow":"follow","max-snippet":"max-snippet:-1","max-image-preview":"max-image-preview:large","max-video-preview":"max-video-preview:-1"},"canonical":"https:\/\/www.fiestapero.com\/nouveausite\/produit\/ethylotest\/","og_locale":"fr_FR","og_type":"article","og_title":"\u00c9thylotest (0,5 et 0,2) - Fiesta Apero","og_description":"\u00c9thylotest \u00e0 usage unique","og_url":"https:\/\/www.fiestapero.com\/nouveausite\/produit\/ethylotest\/","og_site_name":"Fiesta Apero","article_publisher":"https:\/\/www.facebook.com\/FiestaperoStaff","article_modified_time":"2021-07-29T17:57:53+00:00","og_image":[{"width":520,"height":413,"url":"https:\/\/www.fiestapero.com\/nouveausite\/http:\/\/www.fiestapero.com\/img\/ethylotest-a-usage-unique.jpg","type":"image\/jpeg"}],"twitter_card":"summary_large_image","schema":{"@context":"https:\/\/schema.org","@graph":[{"@type":"WebPage","@id":"https:\/\/www.fiestapero.com\/nouveausite\/produit\/ethylotest\/","url":"https:\/\/www.fiestapero.com\/nouveausite\/produit\/ethylotest\/","name":"\u00c9thylotest (0,5 et 0,2) - Fiesta Apero","isPartOf":{"@id":"https:\/\/www.fiestapero.com\/nouveausite\/#website"},"primaryImageOfPage":{"@id":"https:\/\/www.fiestapero.com\/nouveausite\/produit\/ethylotest\/#primaryimage"},"image":{"@id":"https:\/\/www.fiestapero.com\/nouveausite\/produit\/ethylotest\/#primaryimage"},"thumbnailUrl":"https:\/\/www.fiestapero.com\/nouveausite\/http:\/\/www.fiestapero.com\/img\/ethylotest-a-usage-unique.jpg","datePublished":"2021-07-29T17:57:36+00:00","dateModified":"2021-07-29T17:57:53+00:00","breadcrumb":{"@id":"https:\/\/www.fiestapero.com\/nouveausite\/produit\/ethylotest\/#breadcrumb"},"inLanguage":"fr-FR","potentialAction":[{"@type":"ReadAction","target":["https:\/\/www.fiestapero.com\/nouveausite\/produit\/ethylotest\/"]}]},{"@type":"ImageObject","inLanguage":"fr-FR","@id":"https:\/\/www.fiestapero.com\/nouveausite\/produit\/ethylotest\/#primaryimage","url":"https:\/\/www.fiestapero.com\/nouveausite\/http:\/\/www.fiestapero.com\/img\/ethylotest-a-usage-unique.jpg","contentUrl":"https:\/\/www.fiestapero.com\/nouveausite\/http:\/\/www.fiestapero.com\/img\/ethylotest-a-usage-unique.jpg","width":520,"height":413},{"@type":"BreadcrumbList","@id":"https:\/\/www.fiestapero.com\/nouveausite\/produit\/ethylotest\/#breadcrumb","itemListElement":[{"@type":"ListItem","position":1,"name":"Accueil","item":"https:\/\/www.fiestapero.com\/nouveausite\/"},{"@type":"ListItem","position":2,"name":"Boutique","item":"https:\/\/www.fiestapero.com\/nouveausite\/boutique\/"},{"@type":"ListItem","position":3,"name":"\u00c9thylotest (0,5 et 0,2)"}]},{"@type":"WebSite","@id":"https:\/\/www.fiestapero.com\/nouveausite\/#website","url":"https:\/\/www.fiestapero.com\/nouveausite\/","name":"Fiest'Ap\u00e9ro","description":"Livraison d&#039;ap\u00e9ro \u00e0 domicile","publisher":{"@id":"https:\/\/www.fiestapero.com\/nouveausite\/#organization"},"potentialAction":[{"@type":"SearchAction","target":{"@type":"EntryPoint","urlTemplate":"https:\/\/www.fiestapero.com\/nouveausite\/?s={search_term_string}"},"query-input":{"@type":"PropertyValueSpecification","valueRequired":true,"valueName":"search_term_string"}}],"inLanguage":"fr-FR"},{"@type":"Organization","@id":"https:\/\/www.fiestapero.com\/nouveausite\/#organization","name":"Fiest'Ap\u00e9ro","url":"https:\/\/www.fiestapero.com\/nouveausite\/","logo":{"@type":"ImageObject","inLanguage":"fr-FR","@id":"https:\/\/www.fiestapero.com\/nouveausite\/#\/schema\/logo\/image\/","url":"https:\/\/www.fiestapero.com\/nouveausite\/http:\/\/www.fiestapero.com\/img\/cropped-logo-fiestapero.jpg","contentUrl":"https:\/\/www.fiestapero.com\/nouveausite\/http:\/\/www.fiestapero.com\/img\/cropped-logo-fiestapero.jpg","width":1300,"height":434,"caption":"Fiest'Ap\u00e9ro"},"image":{"@id":"https:\/\/www.fiestapero.com\/nouveausite\/#\/schema\/logo\/image\/"},"sameAs":["https:\/\/www.facebook.com\/FiestaperoStaff","https:\/\/www.instagram.com\/fiestapero_limoges\/"]}]}},"_links":{"self":[{"href":"https:\/\/www.fiestapero.com\/nouveausite\/wp-json\/wp\/v2\/product\/1141","targetHints":{"allow":["GET"]}}],"collection":[{"href":"https:\/\/www.fiestapero.com\/nouveausite\/wp-json\/wp\/v2\/product"}],"about":[{"href":"https:\/\/www.fiestapero.com\/nouveausite\/wp-json\/wp\/v2\/types\/product"}],"wp:featuredmedia":[{"embeddable":true,"href":"https:\/\/www.fiestapero.com\/nouveausite\/wp-json\/wp\/v2\/media\/1129"}],"wp:attachment":[{"href":"https:\/\/www.fiestapero.com\/nouveausite\/wp-json\/wp\/v2\/media?parent=1141"}],"wp:term":[{"taxonomy":"product_brand","embeddable":true,"href":"https:\/\/www.fiestapero.com\/nouveausite\/wp-json\/wp\/v2\/product_brand?post=1141"},{"taxonomy":"product_cat","embeddable":true,"href":"https:\/\/www.fiestapero.com\/nouveausite\/wp-json\/wp\/v2\/product_cat?post=1141"},{"taxonomy":"product_tag","embeddable":true,"href":"https:\/\/www.fiestapero.com\/nouveausite\/wp-json\/wp\/v2\/product_tag?post=1141"}],"curies":[{"name":"wp","href":"https:\/\/api.w.org\/{rel}","templated":true}]}}