{"id":400,"date":"2012-12-06T07:59:53","date_gmt":"2012-12-06T07:59:53","guid":{"rendered":"http:\/\/www.fiestapero.com\/nouveausite\/?page_id=400"},"modified":"2021-07-27T18:20:25","modified_gmt":"2021-07-27T18:20:25","slug":"divers","status":"publish","type":"page","link":"https:\/\/www.fiestapero.com\/nouveausite\/divers\/","title":{"rendered":"Eaux"},"content":{"rendered":"<div class=\"woocommerce columns-4 \"><ul class=\"products columns-4\">\n<li class=\"product type-product post-1063 status-publish first instock product_cat-autres-2 has-post-thumbnail shipping-taxable purchasable product-type-simple\">\n\t<a href=\"https:\/\/www.fiestapero.com\/nouveausite\/produit\/cristalline-50cl\/\" class=\"woocommerce-LoopProduct-link woocommerce-loop-product__link\"><span class=\"et_shop_image\"><img loading=\"lazy\" decoding=\"async\" width=\"250\" height=\"250\" src=\"https:\/\/www.fiestapero.com\/nouveausite\/http:\/\/www.fiestapero.com\/img\/Cristaline-50cl-250x250.jpg\" class=\"attachment-woocommerce_thumbnail size-woocommerce_thumbnail\" alt=\"Cristalline 50cl\" \/><span class=\"et_overlay\"><\/span><\/span><h2 class=\"woocommerce-loop-product__title\">Cristalline 50cl<\/h2>\n\t<span class=\"price\"><span class=\"woocommerce-Price-amount amount\"><bdi>1.00&nbsp;<span class=\"woocommerce-Price-currencySymbol\">&euro;<\/span><\/bdi><\/span><\/span>\n<\/a><\/li>\n<li class=\"product type-product post-1857 status-publish instock product_cat-autres-2 has-post-thumbnail shipping-taxable purchasable product-type-simple\">\n\t<a href=\"https:\/\/www.fiestapero.com\/nouveausite\/produit\/cristalline-1l\/\" class=\"woocommerce-LoopProduct-link woocommerce-loop-product__link\"><span class=\"et_shop_image\"><img loading=\"lazy\" decoding=\"async\" width=\"250\" height=\"250\" src=\"https:\/\/www.fiestapero.com\/nouveausite\/http:\/\/www.fiestapero.com\/img\/Cristalline-1-Litre-250x250.png\" class=\"attachment-woocommerce_thumbnail size-woocommerce_thumbnail\" alt=\"Cristalline 1L\" srcset=\"https:\/\/www.fiestapero.com\/nouveausite\/http:\/\/www.fiestapero.com\/img\/Cristalline-1-Litre-250x250.png 250w, https:\/\/www.fiestapero.com\/nouveausite\/http:\/\/www.fiestapero.com\/img\/Cristalline-1-Litre-300x300.png 300w, https:\/\/www.fiestapero.com\/nouveausite\/http:\/\/www.fiestapero.com\/img\/Cristalline-1-Litre-234x234.png 234w, https:\/\/www.fiestapero.com\/nouveausite\/http:\/\/www.fiestapero.com\/img\/Cristalline-1-Litre-100x100.png 100w, https:\/\/www.fiestapero.com\/nouveausite\/http:\/\/www.fiestapero.com\/img\/Cristalline-1-Litre.png 427w\" sizes=\"(max-width: 250px) 100vw, 250px\" \/><span class=\"et_overlay\"><\/span><\/span><h2 class=\"woocommerce-loop-product__title\">Cristalline 1L<\/h2>\n\t<span class=\"price\"><span class=\"woocommerce-Price-amount amount\"><bdi>1.50&nbsp;<span class=\"woocommerce-Price-currencySymbol\">&euro;<\/span><\/bdi><\/span><\/span>\n<\/a><\/li>\n<li class=\"product type-product post-1971 status-publish instock product_cat-autres-2 has-post-thumbnail shipping-taxable purchasable product-type-simple\">\n\t<a href=\"https:\/\/www.fiestapero.com\/nouveausite\/produit\/perrier-1l\/\" class=\"woocommerce-LoopProduct-link woocommerce-loop-product__link\"><span class=\"et_shop_image\"><img loading=\"lazy\" decoding=\"async\" width=\"250\" height=\"250\" src=\"https:\/\/www.fiestapero.com\/nouveausite\/http:\/\/www.fiestapero.com\/img\/Perrier-1L-250x250.png\" class=\"attachment-woocommerce_thumbnail size-woocommerce_thumbnail\" alt=\"Perrier 1L\" srcset=\"https:\/\/www.fiestapero.com\/nouveausite\/http:\/\/www.fiestapero.com\/img\/Perrier-1L-250x250.png 250w, https:\/\/www.fiestapero.com\/nouveausite\/http:\/\/www.fiestapero.com\/img\/Perrier-1L-300x300.png 300w, https:\/\/www.fiestapero.com\/nouveausite\/http:\/\/www.fiestapero.com\/img\/Perrier-1L-234x234.png 234w, https:\/\/www.fiestapero.com\/nouveausite\/http:\/\/www.fiestapero.com\/img\/Perrier-1L-100x100.png 100w, https:\/\/www.fiestapero.com\/nouveausite\/http:\/\/www.fiestapero.com\/img\/Perrier-1L.png 400w\" sizes=\"(max-width: 250px) 100vw, 250px\" \/><span class=\"et_overlay\"><\/span><\/span><h2 class=\"woocommerce-loop-product__title\">Perrier 1L<\/h2>\n\t<span class=\"price\"><span class=\"woocommerce-Price-amount amount\"><bdi>1.50&nbsp;<span class=\"woocommerce-Price-currencySymbol\">&euro;<\/span><\/bdi><\/span><\/span>\n<\/a><\/li>\n<\/ul>\n<\/div>\n","protected":false},"excerpt":{"rendered":"","protected":false},"author":4,"featured_media":0,"parent":0,"menu_order":0,"comment_status":"closed","ping_status":"closed","template":"","meta":{"_et_pb_use_builder":"","_et_pb_old_content":"","_et_gb_content_width":"","footnotes":""},"class_list":["post-400","page","type-page","status-publish","hentry"],"yoast_head":"<!-- This site is optimized with the Yoast SEO plugin v27.1.1 - https:\/\/yoast.com\/product\/yoast-seo-wordpress\/ -->\n<title>Eaux - Fiesta Apero<\/title>\n<meta name=\"robots\" content=\"index, follow, max-snippet:-1, max-image-preview:large, max-video-preview:-1\" \/>\n<link rel=\"canonical\" href=\"https:\/\/www.fiestapero.com\/nouveausite\/divers\/\" \/>\n<meta property=\"og:locale\" content=\"fr_FR\" \/>\n<meta property=\"og:type\" content=\"article\" \/>\n<meta property=\"og:title\" content=\"Eaux - Fiesta Apero\" \/>\n<meta property=\"og:url\" content=\"https:\/\/www.fiestapero.com\/nouveausite\/divers\/\" \/>\n<meta property=\"og:site_name\" content=\"Fiesta Apero\" \/>\n<meta property=\"article:publisher\" content=\"https:\/\/www.facebook.com\/FiestaperoStaff\" \/>\n<meta property=\"article:modified_time\" content=\"2021-07-27T18:20:25+00:00\" \/>\n<meta name=\"twitter:card\" content=\"summary_large_image\" \/>\n<script type=\"application\/ld+json\" class=\"yoast-schema-graph\">{\"@context\":\"https:\/\/schema.org\",\"@graph\":[{\"@type\":\"WebPage\",\"@id\":\"https:\/\/www.fiestapero.com\/nouveausite\/divers\/\",\"url\":\"https:\/\/www.fiestapero.com\/nouveausite\/divers\/\",\"name\":\"Eaux - Fiesta Apero\",\"isPartOf\":{\"@id\":\"https:\/\/www.fiestapero.com\/nouveausite\/#website\"},\"datePublished\":\"2012-12-06T07:59:53+00:00\",\"dateModified\":\"2021-07-27T18:20:25+00:00\",\"breadcrumb\":{\"@id\":\"https:\/\/www.fiestapero.com\/nouveausite\/divers\/#breadcrumb\"},\"inLanguage\":\"fr-FR\",\"potentialAction\":[{\"@type\":\"ReadAction\",\"target\":[\"https:\/\/www.fiestapero.com\/nouveausite\/divers\/\"]}]},{\"@type\":\"BreadcrumbList\",\"@id\":\"https:\/\/www.fiestapero.com\/nouveausite\/divers\/#breadcrumb\",\"itemListElement\":[{\"@type\":\"ListItem\",\"position\":1,\"name\":\"Accueil\",\"item\":\"https:\/\/www.fiestapero.com\/nouveausite\/\"},{\"@type\":\"ListItem\",\"position\":2,\"name\":\"Eaux\"}]},{\"@type\":\"WebSite\",\"@id\":\"https:\/\/www.fiestapero.com\/nouveausite\/#website\",\"url\":\"https:\/\/www.fiestapero.com\/nouveausite\/\",\"name\":\"Fiest'Ap\u00e9ro\",\"description\":\"Livraison d&#039;ap\u00e9ro \u00e0 domicile\",\"publisher\":{\"@id\":\"https:\/\/www.fiestapero.com\/nouveausite\/#organization\"},\"potentialAction\":[{\"@type\":\"SearchAction\",\"target\":{\"@type\":\"EntryPoint\",\"urlTemplate\":\"https:\/\/www.fiestapero.com\/nouveausite\/?s={search_term_string}\"},\"query-input\":{\"@type\":\"PropertyValueSpecification\",\"valueRequired\":true,\"valueName\":\"search_term_string\"}}],\"inLanguage\":\"fr-FR\"},{\"@type\":\"Organization\",\"@id\":\"https:\/\/www.fiestapero.com\/nouveausite\/#organization\",\"name\":\"Fiest'Ap\u00e9ro\",\"url\":\"https:\/\/www.fiestapero.com\/nouveausite\/\",\"logo\":{\"@type\":\"ImageObject\",\"inLanguage\":\"fr-FR\",\"@id\":\"https:\/\/www.fiestapero.com\/nouveausite\/#\/schema\/logo\/image\/\",\"url\":\"https:\/\/www.fiestapero.com\/nouveausite\/http:\/\/www.fiestapero.com\/img\/cropped-logo-fiestapero.jpg\",\"contentUrl\":\"https:\/\/www.fiestapero.com\/nouveausite\/http:\/\/www.fiestapero.com\/img\/cropped-logo-fiestapero.jpg\",\"width\":1300,\"height\":434,\"caption\":\"Fiest'Ap\u00e9ro\"},\"image\":{\"@id\":\"https:\/\/www.fiestapero.com\/nouveausite\/#\/schema\/logo\/image\/\"},\"sameAs\":[\"https:\/\/www.facebook.com\/FiestaperoStaff\",\"https:\/\/www.instagram.com\/fiestapero_limoges\/\"]}]}<\/script>\n<!-- \/ Yoast SEO plugin. -->","yoast_head_json":{"title":"Eaux - Fiesta Apero","robots":{"index":"index","follow":"follow","max-snippet":"max-snippet:-1","max-image-preview":"max-image-preview:large","max-video-preview":"max-video-preview:-1"},"canonical":"https:\/\/www.fiestapero.com\/nouveausite\/divers\/","og_locale":"fr_FR","og_type":"article","og_title":"Eaux - Fiesta Apero","og_url":"https:\/\/www.fiestapero.com\/nouveausite\/divers\/","og_site_name":"Fiesta Apero","article_publisher":"https:\/\/www.facebook.com\/FiestaperoStaff","article_modified_time":"2021-07-27T18:20:25+00:00","twitter_card":"summary_large_image","schema":{"@context":"https:\/\/schema.org","@graph":[{"@type":"WebPage","@id":"https:\/\/www.fiestapero.com\/nouveausite\/divers\/","url":"https:\/\/www.fiestapero.com\/nouveausite\/divers\/","name":"Eaux - Fiesta Apero","isPartOf":{"@id":"https:\/\/www.fiestapero.com\/nouveausite\/#website"},"datePublished":"2012-12-06T07:59:53+00:00","dateModified":"2021-07-27T18:20:25+00:00","breadcrumb":{"@id":"https:\/\/www.fiestapero.com\/nouveausite\/divers\/#breadcrumb"},"inLanguage":"fr-FR","potentialAction":[{"@type":"ReadAction","target":["https:\/\/www.fiestapero.com\/nouveausite\/divers\/"]}]},{"@type":"BreadcrumbList","@id":"https:\/\/www.fiestapero.com\/nouveausite\/divers\/#breadcrumb","itemListElement":[{"@type":"ListItem","position":1,"name":"Accueil","item":"https:\/\/www.fiestapero.com\/nouveausite\/"},{"@type":"ListItem","position":2,"name":"Eaux"}]},{"@type":"WebSite","@id":"https:\/\/www.fiestapero.com\/nouveausite\/#website","url":"https:\/\/www.fiestapero.com\/nouveausite\/","name":"Fiest'Ap\u00e9ro","description":"Livraison d&#039;ap\u00e9ro \u00e0 domicile","publisher":{"@id":"https:\/\/www.fiestapero.com\/nouveausite\/#organization"},"potentialAction":[{"@type":"SearchAction","target":{"@type":"EntryPoint","urlTemplate":"https:\/\/www.fiestapero.com\/nouveausite\/?s={search_term_string}"},"query-input":{"@type":"PropertyValueSpecification","valueRequired":true,"valueName":"search_term_string"}}],"inLanguage":"fr-FR"},{"@type":"Organization","@id":"https:\/\/www.fiestapero.com\/nouveausite\/#organization","name":"Fiest'Ap\u00e9ro","url":"https:\/\/www.fiestapero.com\/nouveausite\/","logo":{"@type":"ImageObject","inLanguage":"fr-FR","@id":"https:\/\/www.fiestapero.com\/nouveausite\/#\/schema\/logo\/image\/","url":"https:\/\/www.fiestapero.com\/nouveausite\/http:\/\/www.fiestapero.com\/img\/cropped-logo-fiestapero.jpg","contentUrl":"https:\/\/www.fiestapero.com\/nouveausite\/http:\/\/www.fiestapero.com\/img\/cropped-logo-fiestapero.jpg","width":1300,"height":434,"caption":"Fiest'Ap\u00e9ro"},"image":{"@id":"https:\/\/www.fiestapero.com\/nouveausite\/#\/schema\/logo\/image\/"},"sameAs":["https:\/\/www.facebook.com\/FiestaperoStaff","https:\/\/www.instagram.com\/fiestapero_limoges\/"]}]}},"_links":{"self":[{"href":"https:\/\/www.fiestapero.com\/nouveausite\/wp-json\/wp\/v2\/pages\/400","targetHints":{"allow":["GET"]}}],"collection":[{"href":"https:\/\/www.fiestapero.com\/nouveausite\/wp-json\/wp\/v2\/pages"}],"about":[{"href":"https:\/\/www.fiestapero.com\/nouveausite\/wp-json\/wp\/v2\/types\/page"}],"author":[{"embeddable":true,"href":"https:\/\/www.fiestapero.com\/nouveausite\/wp-json\/wp\/v2\/users\/4"}],"replies":[{"embeddable":true,"href":"https:\/\/www.fiestapero.com\/nouveausite\/wp-json\/wp\/v2\/comments?post=400"}],"version-history":[{"count":4,"href":"https:\/\/www.fiestapero.com\/nouveausite\/wp-json\/wp\/v2\/pages\/400\/revisions"}],"predecessor-version":[{"id":1078,"href":"https:\/\/www.fiestapero.com\/nouveausite\/wp-json\/wp\/v2\/pages\/400\/revisions\/1078"}],"wp:attachment":[{"href":"https:\/\/www.fiestapero.com\/nouveausite\/wp-json\/wp\/v2\/media?parent=400"}],"curies":[{"name":"wp","href":"https:\/\/api.w.org\/{rel}","templated":true}]}}