{"id":371,"date":"2012-12-05T16:25:23","date_gmt":"2012-12-05T16:25:23","guid":{"rendered":"http:\/\/www.fiestapero.com\/nouveausite\/?page_id=371"},"modified":"2025-05-06T16:53:04","modified_gmt":"2025-05-06T16:53:04","slug":"bienvenue","status":"publish","type":"page","link":"https:\/\/www.fiestapero.com\/nouveausite\/","title":{"rendered":"Livraison d&rsquo;ap\u00e9ritif \u00e0 domicile sur limoges et ses environs"},"content":{"rendered":"<p>[et_pb_section fb_built=\u00a0\u00bb1&Prime; _builder_version=\u00a0\u00bb4.16&Prime; top_divider_style=\u00a0\u00bbarrow3&Prime; top_divider_color=\u00a0\u00bb#4bafe8&Prime; top_divider_height=\u00a0\u00bb40px\u00a0\u00bb top_divider_flip=\u00a0\u00bbhorizontal\u00a0\u00bb top_divider_style_tablet=\u00a0\u00bb\u00a0\u00bb top_divider_style_phone=\u00a0\u00bbarrow2&Prime; top_divider_style_last_edited=\u00a0\u00bbon|phone\u00a0\u00bb global_colors_info=\u00a0\u00bb{}\u00a0\u00bb][et_pb_row column_structure=\u00a0\u00bb3_4,1_4&Prime; _builder_version=\u00a0\u00bb4.27.4&Prime; background_size=\u00a0\u00bbinitial\u00a0\u00bb background_position=\u00a0\u00bbtop_left\u00a0\u00bb background_repeat=\u00a0\u00bbrepeat\u00a0\u00bb global_colors_info=\u00a0\u00bb{}\u00a0\u00bb][et_pb_column type=\u00a0\u00bb3_4&Prime; _builder_version=\u00a0\u00bb4.16&Prime; custom_padding=\u00a0\u00bb|||\u00a0\u00bb global_colors_info=\u00a0\u00bb{}\u00a0\u00bb custom_padding__hover=\u00a0\u00bb|||\u00a0\u00bb][et_pb_text _builder_version=\u00a0\u00bb4.16&Prime; _module_preset=\u00a0\u00bbdefault\u00a0\u00bb header_text_color=\u00a0\u00bb#4bafe8&Prime; header_font_size=\u00a0\u00bb1px\u00a0\u00bb background_enable_color=\u00a0\u00bboff\u00a0\u00bb global_colors_info=\u00a0\u00bb{}\u00a0\u00bb]<\/p>\n<h1 class=\"entry-title main_title\"><strong>Livraison d\u2019ap\u00e9ritif \u00e0 domicile sur limoges et ses environs<\/strong><\/h1>\n<div class=\"entry-content\">\n<div class=\"wp-block-image is-style-default\"><\/div>\n<\/div>\n<p>[\/et_pb_text][et_pb_divider divider_weight=\u00a0\u00bb1px\u00a0\u00bb _builder_version=\u00a0\u00bb4.16&Prime; _module_preset=\u00a0\u00bbdefault\u00a0\u00bb width=\u00a0\u00bb80%\u00a0\u00bb module_alignment=\u00a0\u00bbcenter\u00a0\u00bb custom_margin=\u00a0\u00bb-23px||||false|false\u00a0\u00bb global_colors_info=\u00a0\u00bb{}\u00a0\u00bb][\/et_pb_divider][et_pb_text _builder_version=\u00a0\u00bb4.20.4&Prime; _module_preset=\u00a0\u00bbdefault\u00a0\u00bb text_text_color=\u00a0\u00bb#FFFFFF\u00a0\u00bb text_font_size=\u00a0\u00bb19px\u00a0\u00bb header_line_height=\u00a0\u00bb1.7em\u00a0\u00bb header_2_line_height=\u00a0\u00bb1.7em\u00a0\u00bb background_enable_color=\u00a0\u00bboff\u00a0\u00bb use_background_color_gradient=\u00a0\u00bbon\u00a0\u00bb background_color_gradient_stops=\u00a0\u00bbrgba(0,0,0,0.21) 50%|rgba(0,0,0,0.5) 100%\u00a0\u00bb background_color_gradient_overlays_image=\u00a0\u00bbon\u00a0\u00bb background_color_gradient_start=\u00a0\u00bbrgba(0,0,0,0.21)\u00a0\u00bb background_color_gradient_start_position=\u00a0\u00bb50%\u00a0\u00bb background_color_gradient_end=\u00a0\u00bbrgba(0,0,0,0.5)\u00a0\u00bb background_image=\u00a0\u00bbhttps:\/\/www.fiestapero.com\/nouveausite\/http:\/\/www.fiestapero.com\/img\/background7.jpg\u00a0\u00bb custom_padding=\u00a0\u00bb40px|10px|40px|310px|false|false\u00a0\u00bb custom_padding_tablet=\u00a0\u00bb|||263px|false|false\u00a0\u00bb custom_padding_phone=\u00a0\u00bb|10px||10px|false|false\u00a0\u00bb custom_padding_last_edited=\u00a0\u00bbon|phone\u00a0\u00bb animation_style=\u00a0\u00bbslide\u00a0\u00bb animation_direction=\u00a0\u00bbbottom\u00a0\u00bb animation_intensity_slide=\u00a0\u00bb25%\u00a0\u00bb background_last_edited=\u00a0\u00bbon|phone\u00a0\u00bb use_background_color_gradient_phone=\u00a0\u00bbon\u00a0\u00bb background_color_gradient_stops_phone=\u00a0\u00bbrgba(0,0,0,0.8) 50%|rgba(0,0,0,0.8) 100%\u00a0\u00bb background_color_gradient_start_phone=\u00a0\u00bbrgba(0,0,0,0.8)\u00a0\u00bb background_color_gradient_end_phone=\u00a0\u00bbrgba(0,0,0,0.8)\u00a0\u00bb global_colors_info=\u00a0\u00bb{}\u00a0\u00bb]<\/p>\n<h2><strong>LES ENGAGEMENTS FIEST&rsquo;AP\u00c9RO :<\/strong><\/h2>\n<p>\u25ba Livraison en 30 minutes en moyenne sur Limoges<\/p>\n<p>\u25ba Livraison GRATUITE sur Limoges<\/p>\n<p>\u25ba La majeure partie de nos bi\u00e8res, jus de fruits et sodas sont livr\u00e9s frais<\/p>\n<p>\u25ba Promotion chaque semaine<\/p>\n<p>\u25ba Livraison \u00e0 partir de 20\u20ac d&rsquo;achats<\/p>\n<p>[\/et_pb_text][et_pb_text _builder_version=\u00a0\u00bb4.16&Prime; background_size=\u00a0\u00bbinitial\u00a0\u00bb background_position=\u00a0\u00bbtop_left\u00a0\u00bb background_repeat=\u00a0\u00bbrepeat\u00a0\u00bb global_colors_info=\u00a0\u00bb{}\u00a0\u00bb]<\/p>\n<p><!-- divi:image {\"align\":\"center\",\"id\":473,\"sizeSlug\":\"full\",\"linkDestination\":\"none\",\"className\":\"is-style-default\"} --><\/p>\n<div class=\"wp-block-image is-style-default\">\n<figure class=\"aligncenter size-full\"><\/figure>\n<\/div>\n<p>&nbsp;<\/p>\n<p><!-- \/divi:image --><\/p>\n<p style=\"text-align: center;\"><img loading=\"lazy\" decoding=\"async\" src=\"https:\/\/www.fiestapero.com\/nouveausite\/http:\/\/www.fiestapero.com\/img\/planlivraison-300x148.png\" width=\"332\" height=\"164\" alt=\"\" class=\"wp-image-514 alignnone size-medium\" \/><\/p>\n<p style=\"text-align: center;\"><strong>COMMANDE MINIMUM DE 20\u20ac EN LIVRAISON<\/strong><\/p>\n<p style=\"text-align: center;\">Notre livreur ne dispose que de 20\u20ac de monnaie, merci de pr\u00e9parer l\u2019appoint lors de la livraison. Si le paiement doit se faire par carte bancaire, merci de nous le pr\u00e9ciser lors de votre commande.<\/p>\n<p style=\"text-align: center;\">[\/et_pb_text][et_pb_divider disabled_on=\u00a0\u00bboff|off|on\u00a0\u00bb _builder_version=\u00a0\u00bb4.16&Prime; _module_preset=\u00a0\u00bbdefault\u00a0\u00bb global_colors_info=\u00a0\u00bb{}\u00a0\u00bb][\/et_pb_divider][\/et_pb_column][et_pb_column type=\u00a0\u00bb1_4&Prime; _builder_version=\u00a0\u00bb4.27.4&Prime; custom_padding=\u00a0\u00bb|||20px|false|false\u00a0\u00bb custom_padding_tablet=\u00a0\u00bb|||0px|false|false\u00a0\u00bb custom_padding_phone=\u00a0\u00bb|||0px|false|false\u00a0\u00bb custom_padding_last_edited=\u00a0\u00bbon|phone\u00a0\u00bb border_width_left=\u00a0\u00bb1px\u00a0\u00bb border_color_left=\u00a0\u00bb#cecece\u00a0\u00bb border_width_left_tablet=\u00a0\u00bb0px\u00a0\u00bb border_width_left_phone=\u00a0\u00bb0px\u00a0\u00bb border_width_left_last_edited=\u00a0\u00bbon|desktop\u00a0\u00bb global_colors_info=\u00a0\u00bb{}\u00a0\u00bb custom_padding__hover=\u00a0\u00bb|||\u00a0\u00bb][et_pb_text _builder_version=\u00a0\u00bb4.27.4&Prime; _module_preset=\u00a0\u00bbdefault\u00a0\u00bb text_font_size=\u00a0\u00bb19px\u00a0\u00bb header_3_line_height=\u00a0\u00bb2em\u00a0\u00bb global_colors_info=\u00a0\u00bb{}\u00a0\u00bb]<\/p>\n<h3 class=\"wp-block-heading has-text-align-center\" style=\"text-align: center;\">HORAIRES<\/h3>\n<p style=\"text-align: center;\"><strong>OUVERT 7J\/7<\/strong><br \/>\n<span>Dimanche \u00e0 mercredi<br \/>\nde 20h \u00e0 2h<\/span><br \/>\n<span>Jeudi \u00e0 samedi<br \/>\nde 20h \u00e0 4h<\/span><\/p>\n<p>[\/et_pb_text][et_pb_divider _builder_version=\u00a0\u00bb4.27.4&Prime; _module_preset=\u00a0\u00bbdefault\u00a0\u00bb custom_padding=\u00a0\u00bb||||false|false\u00a0\u00bb global_colors_info=\u00a0\u00bb{}\u00a0\u00bb][\/et_pb_divider][et_pb_text _builder_version=\u00a0\u00bb4.27.4&Prime; _module_preset=\u00a0\u00bbdefault\u00a0\u00bb header_3_line_height=\u00a0\u00bb2em\u00a0\u00bb global_colors_info=\u00a0\u00bb{}\u00a0\u00bb]<\/p>\n<h3 class=\"wp-block-heading has-text-align-center\" style=\"text-align: center;\">PAIEMENTS<\/h3>\n<p style=\"text-align: center;\"><img loading=\"lazy\" decoding=\"async\" src=\"https:\/\/www.fiestapero.com\/nouveausite\/http:\/\/www.fiestapero.com\/img\/logo-cartepng.png\" width=\"82\" height=\"82\" alt=\"\" class=\"wp-image-1611 alignnone size-full\" srcset=\"https:\/\/www.fiestapero.com\/nouveausite\/http:\/\/www.fiestapero.com\/img\/logo-cartepng.png 200w, https:\/\/www.fiestapero.com\/nouveausite\/http:\/\/www.fiestapero.com\/img\/logo-cartepng-100x100.png 100w\" sizes=\"(max-width: 82px) 100vw, 82px\" \/>\u00a0 \u00a0<img loading=\"lazy\" decoding=\"async\" src=\"https:\/\/www.fiestapero.com\/nouveausite\/http:\/\/www.fiestapero.com\/img\/logo-liquide.png\" width=\"82\" height=\"82\" alt=\"\" class=\"wp-image-1612 alignnone size-full\" srcset=\"https:\/\/www.fiestapero.com\/nouveausite\/http:\/\/www.fiestapero.com\/img\/logo-liquide.png 200w, https:\/\/www.fiestapero.com\/nouveausite\/http:\/\/www.fiestapero.com\/img\/logo-liquide-100x100.png 100w\" sizes=\"(max-width: 82px) 100vw, 82px\" \/><\/p>\n<p class=\"has-text-align-center\" style=\"text-align: center;\"><span>Paiement UNIQUEMENT par CB et ESPECES. Les ch\u00e8ques sont refus\u00e9s<\/span>.<\/p>\n<p>[\/et_pb_text][et_pb_divider _builder_version=\u00a0\u00bb4.27.4&Prime; _module_preset=\u00a0\u00bbdefault\u00a0\u00bb custom_padding=\u00a0\u00bb||||false|false\u00a0\u00bb global_colors_info=\u00a0\u00bb{}\u00a0\u00bb][\/et_pb_divider][et_pb_text _builder_version=\u00a0\u00bb4.27.4&Prime; _module_preset=\u00a0\u00bbdefault\u00a0\u00bb global_colors_info=\u00a0\u00bb{}\u00a0\u00bb]<\/p>\n<h3 class=\"wp-block-heading has-text-align-center\" style=\"text-align: center;\">SUIVEZ NOUS<\/h3>\n<p>[\/et_pb_text][et_pb_text _builder_version=\u00a0\u00bb4.27.4&Prime; _module_preset=\u00a0\u00bbdefault\u00a0\u00bb global_colors_info=\u00a0\u00bb{}\u00a0\u00bb]<\/p>\n<p style=\"text-align: center;\"><a href=\"https:\/\/www.instagram.com\/fiestapero_limoges\/\" target=\"_blank\" rel=\"noopener\"><img loading=\"lazy\" decoding=\"async\" src=\"https:\/\/www.fiestapero.com\/nouveausite\/http:\/\/www.fiestapero.com\/img\/iconinsta.png\" width=\"50\" height=\"50\" alt=\"\" class=\"wp-image-1399 alignnone size-full\" srcset=\"https:\/\/www.fiestapero.com\/nouveausite\/http:\/\/www.fiestapero.com\/img\/iconinsta.png 143w, https:\/\/www.fiestapero.com\/nouveausite\/http:\/\/www.fiestapero.com\/img\/iconinsta-100x100.png 100w, https:\/\/www.fiestapero.com\/nouveausite\/http:\/\/www.fiestapero.com\/img\/iconinsta-120x120.png 120w\" sizes=\"(max-width: 50px) 100vw, 50px\" \/><\/a>\u00a0 <a href=\"https:\/\/www.facebook.com\/FiestaperoStaff\" target=\"_blank\" rel=\"noopener\">\u00a0 <img loading=\"lazy\" decoding=\"async\" src=\"https:\/\/www.fiestapero.com\/nouveausite\/http:\/\/www.fiestapero.com\/img\/iconfb.png\" width=\"50\" height=\"50\" alt=\"\" class=\"wp-image-1353 alignnone size-full\" srcset=\"https:\/\/www.fiestapero.com\/nouveausite\/http:\/\/www.fiestapero.com\/img\/iconfb.png 142w, https:\/\/www.fiestapero.com\/nouveausite\/http:\/\/www.fiestapero.com\/img\/iconfb-100x100.png 100w, https:\/\/www.fiestapero.com\/nouveausite\/http:\/\/www.fiestapero.com\/img\/iconfb-120x120.png 120w\" sizes=\"(max-width: 50px) 100vw, 50px\" \/><\/a>\u00a0 \u00a0 <a href=\"https:\/\/www.snapchat.com\/add\/fiestaperooff\" target=\"_blank\" rel=\"noopener\"><img loading=\"lazy\" decoding=\"async\" src=\"https:\/\/www.fiestapero.com\/nouveausite\/http:\/\/www.fiestapero.com\/img\/logo-snapchat.png\" width=\"50\" height=\"50\" alt=\"\" class=\"wp-image-1439 alignnone size-full\" srcset=\"https:\/\/www.fiestapero.com\/nouveausite\/http:\/\/www.fiestapero.com\/img\/logo-snapchat.png 143w, https:\/\/www.fiestapero.com\/nouveausite\/http:\/\/www.fiestapero.com\/img\/logo-snapchat-100x100.png 100w\" sizes=\"(max-width: 50px) 100vw, 50px\" \/><\/a><\/p>\n<p>[\/et_pb_text][\/et_pb_column][\/et_pb_row][\/et_pb_section]<\/p>\n","protected":false},"excerpt":{"rendered":"<p>Livraison d\u2019ap\u00e9ritif \u00e0 domicile sur limoges et ses environs LES ENGAGEMENTS FIEST&rsquo;AP\u00c9RO : \u25ba Livraison en 30 minutes en moyenne sur Limoges \u25ba Livraison GRATUITE sur Limoges \u25ba La majeure partie de nos bi\u00e8res, jus de fruits et sodas sont livr\u00e9s frais \u25ba Promotion chaque semaine \u25ba Livraison \u00e0 partir de 20\u20ac d&rsquo;achats &nbsp; COMMANDE [&hellip;]<\/p>\n","protected":false},"author":4,"featured_media":514,"parent":0,"menu_order":0,"comment_status":"closed","ping_status":"closed","template":"","meta":{"_et_pb_use_builder":"on","_et_pb_old_content":"<!-- wp:image {\"align\":\"center\",\"id\":473,\"sizeSlug\":\"full\",\"linkDestination\":\"none\",\"className\":\"is-style-default\"} -->\n<div class=\"wp-block-image is-style-default\"><figure class=\"aligncenter size-full\"><img src=\"https:\/\/www.fiestapero.com\/nouveausite\/http:\/\/www.fiestapero.com\/img\/slider2.jpg\" alt=\"\" class=\"wp-image-473\"\/><\/figure><\/div>\n<!-- \/wp:image -->\n\n<p style=\"text-align: center;\"><img class=\"size-full wp-image-516\" title=\"planlivraison\" src=\"http:\/\/www.fiestapero.com\/nouveausite\/http:\/\/www.fiestapero.com\/img\/planlivraison1.png\" alt=\"\" width=\"500\" height=\"246\" \/><\/p>\n<p style=\"text-align: center;\"><strong>COMMANDE MINIMUM DE 20\u20ac EN LIVRAISON<\/strong><\/p>\n<p style=\"text-align: center;\">Notre livreur ne dispose que de 20\u20ac de monnaie, merci de pr\u00e9parer l\u2019appoint lors de la livraison Si le paiement doit se faire par carte bancaire, merci de nous le pr\u00e9ciser lors de votre commande.<\/p>\n<p style=\"text-align: center;\">\u00a0<\/p>\n<p style=\"text-align: center;\">\u00a0<\/p>","_et_gb_content_width":"","footnotes":""},"class_list":["post-371","page","type-page","status-publish","has-post-thumbnail","hentry"],"yoast_head":"<!-- This site is optimized with the Yoast SEO plugin v27.1.1 - https:\/\/yoast.com\/product\/yoast-seo-wordpress\/ -->\n<title>Livraison d&#039;ap\u00e9ritif \u00e0 domicile sur limoges et ses environs - Fiesta Apero<\/title>\n<meta name=\"robots\" content=\"index, follow, max-snippet:-1, max-image-preview:large, max-video-preview:-1\" \/>\n<link rel=\"canonical\" href=\"https:\/\/www.fiestapero.com\/nouveausite\/\" \/>\n<meta property=\"og:locale\" content=\"fr_FR\" \/>\n<meta property=\"og:type\" content=\"article\" \/>\n<meta property=\"og:title\" content=\"Livraison d&#039;ap\u00e9ritif \u00e0 domicile sur limoges et ses environs - Fiesta Apero\" \/>\n<meta property=\"og:description\" content=\"Livraison d\u2019ap\u00e9ritif \u00e0 domicile sur limoges et ses environs LES ENGAGEMENTS FIEST&#039;AP\u00c9RO : \u25ba Livraison en 30 minutes en moyenne sur Limoges \u25ba Livraison GRATUITE sur Limoges \u25ba La majeure partie de nos bi\u00e8res, jus de fruits et sodas sont livr\u00e9s frais \u25ba Promotion chaque semaine \u25ba Livraison \u00e0 partir de 20\u20ac d&#039;achats &nbsp; COMMANDE [&hellip;]\" \/>\n<meta property=\"og:url\" content=\"https:\/\/www.fiestapero.com\/nouveausite\/\" \/>\n<meta property=\"og:site_name\" content=\"Fiesta Apero\" \/>\n<meta property=\"article:publisher\" content=\"https:\/\/www.facebook.com\/FiestaperoStaff\" \/>\n<meta property=\"article:modified_time\" content=\"2025-05-06T16:53:04+00:00\" \/>\n<meta property=\"og:image\" content=\"https:\/\/www.fiestapero.com\/nouveausite\/http:\/\/www.fiestapero.com\/img\/planlivraison.png\" \/>\n\t<meta property=\"og:image:width\" content=\"623\" \/>\n\t<meta property=\"og:image:height\" content=\"307\" \/>\n\t<meta property=\"og:image:type\" content=\"image\/png\" \/>\n<meta name=\"twitter:card\" content=\"summary_large_image\" \/>\n<meta name=\"twitter:label1\" content=\"Dur\u00e9e de lecture estim\u00e9e\" \/>\n\t<meta name=\"twitter:data1\" content=\"3 minutes\" \/>\n<script type=\"application\/ld+json\" class=\"yoast-schema-graph\">{\"@context\":\"https:\/\/schema.org\",\"@graph\":[{\"@type\":\"WebPage\",\"@id\":\"https:\/\/www.fiestapero.com\/nouveausite\/\",\"url\":\"https:\/\/www.fiestapero.com\/nouveausite\/\",\"name\":\"Livraison d'ap\u00e9ritif \u00e0 domicile sur limoges et ses environs - Fiesta Apero\",\"isPartOf\":{\"@id\":\"https:\/\/www.fiestapero.com\/nouveausite\/#website\"},\"primaryImageOfPage\":{\"@id\":\"https:\/\/www.fiestapero.com\/nouveausite\/#primaryimage\"},\"image\":{\"@id\":\"https:\/\/www.fiestapero.com\/nouveausite\/#primaryimage\"},\"thumbnailUrl\":\"https:\/\/www.fiestapero.com\/nouveausite\/http:\/\/www.fiestapero.com\/img\/planlivraison.png\",\"datePublished\":\"2012-12-05T16:25:23+00:00\",\"dateModified\":\"2025-05-06T16:53:04+00:00\",\"breadcrumb\":{\"@id\":\"https:\/\/www.fiestapero.com\/nouveausite\/#breadcrumb\"},\"inLanguage\":\"fr-FR\",\"potentialAction\":[{\"@type\":\"ReadAction\",\"target\":[\"https:\/\/www.fiestapero.com\/nouveausite\/\"]}]},{\"@type\":\"ImageObject\",\"inLanguage\":\"fr-FR\",\"@id\":\"https:\/\/www.fiestapero.com\/nouveausite\/#primaryimage\",\"url\":\"https:\/\/www.fiestapero.com\/nouveausite\/http:\/\/www.fiestapero.com\/img\/planlivraison.png\",\"contentUrl\":\"https:\/\/www.fiestapero.com\/nouveausite\/http:\/\/www.fiestapero.com\/img\/planlivraison.png\",\"width\":623,\"height\":307},{\"@type\":\"BreadcrumbList\",\"@id\":\"https:\/\/www.fiestapero.com\/nouveausite\/#breadcrumb\",\"itemListElement\":[{\"@type\":\"ListItem\",\"position\":1,\"name\":\"Accueil\",\"item\":\"https:\/\/www.fiestapero.com\/nouveausite\/\"},{\"@type\":\"ListItem\",\"position\":2,\"name\":\"Livraison d&rsquo;ap\u00e9ritif \u00e0 domicile sur limoges et ses environs\"}]},{\"@type\":\"WebSite\",\"@id\":\"https:\/\/www.fiestapero.com\/nouveausite\/#website\",\"url\":\"https:\/\/www.fiestapero.com\/nouveausite\/\",\"name\":\"Fiest'Ap\u00e9ro\",\"description\":\"Livraison d&#039;ap\u00e9ro \u00e0 domicile\",\"publisher\":{\"@id\":\"https:\/\/www.fiestapero.com\/nouveausite\/#organization\"},\"potentialAction\":[{\"@type\":\"SearchAction\",\"target\":{\"@type\":\"EntryPoint\",\"urlTemplate\":\"https:\/\/www.fiestapero.com\/nouveausite\/?s={search_term_string}\"},\"query-input\":{\"@type\":\"PropertyValueSpecification\",\"valueRequired\":true,\"valueName\":\"search_term_string\"}}],\"inLanguage\":\"fr-FR\"},{\"@type\":\"Organization\",\"@id\":\"https:\/\/www.fiestapero.com\/nouveausite\/#organization\",\"name\":\"Fiest'Ap\u00e9ro\",\"url\":\"https:\/\/www.fiestapero.com\/nouveausite\/\",\"logo\":{\"@type\":\"ImageObject\",\"inLanguage\":\"fr-FR\",\"@id\":\"https:\/\/www.fiestapero.com\/nouveausite\/#\/schema\/logo\/image\/\",\"url\":\"https:\/\/www.fiestapero.com\/nouveausite\/http:\/\/www.fiestapero.com\/img\/cropped-logo-fiestapero.jpg\",\"contentUrl\":\"https:\/\/www.fiestapero.com\/nouveausite\/http:\/\/www.fiestapero.com\/img\/cropped-logo-fiestapero.jpg\",\"width\":1300,\"height\":434,\"caption\":\"Fiest'Ap\u00e9ro\"},\"image\":{\"@id\":\"https:\/\/www.fiestapero.com\/nouveausite\/#\/schema\/logo\/image\/\"},\"sameAs\":[\"https:\/\/www.facebook.com\/FiestaperoStaff\",\"https:\/\/www.instagram.com\/fiestapero_limoges\/\"]}]}<\/script>\n<!-- \/ Yoast SEO plugin. -->","yoast_head_json":{"title":"Livraison d'ap\u00e9ritif \u00e0 domicile sur limoges et ses environs - Fiesta Apero","robots":{"index":"index","follow":"follow","max-snippet":"max-snippet:-1","max-image-preview":"max-image-preview:large","max-video-preview":"max-video-preview:-1"},"canonical":"https:\/\/www.fiestapero.com\/nouveausite\/","og_locale":"fr_FR","og_type":"article","og_title":"Livraison d'ap\u00e9ritif \u00e0 domicile sur limoges et ses environs - Fiesta Apero","og_description":"Livraison d\u2019ap\u00e9ritif \u00e0 domicile sur limoges et ses environs LES ENGAGEMENTS FIEST'AP\u00c9RO : \u25ba Livraison en 30 minutes en moyenne sur Limoges \u25ba Livraison GRATUITE sur Limoges \u25ba La majeure partie de nos bi\u00e8res, jus de fruits et sodas sont livr\u00e9s frais \u25ba Promotion chaque semaine \u25ba Livraison \u00e0 partir de 20\u20ac d'achats &nbsp; COMMANDE [&hellip;]","og_url":"https:\/\/www.fiestapero.com\/nouveausite\/","og_site_name":"Fiesta Apero","article_publisher":"https:\/\/www.facebook.com\/FiestaperoStaff","article_modified_time":"2025-05-06T16:53:04+00:00","og_image":[{"width":623,"height":307,"url":"https:\/\/www.fiestapero.com\/nouveausite\/http:\/\/www.fiestapero.com\/img\/planlivraison.png","type":"image\/png"}],"twitter_card":"summary_large_image","twitter_misc":{"Dur\u00e9e de lecture estim\u00e9e":"3 minutes"},"schema":{"@context":"https:\/\/schema.org","@graph":[{"@type":"WebPage","@id":"https:\/\/www.fiestapero.com\/nouveausite\/","url":"https:\/\/www.fiestapero.com\/nouveausite\/","name":"Livraison d'ap\u00e9ritif \u00e0 domicile sur limoges et ses environs - Fiesta Apero","isPartOf":{"@id":"https:\/\/www.fiestapero.com\/nouveausite\/#website"},"primaryImageOfPage":{"@id":"https:\/\/www.fiestapero.com\/nouveausite\/#primaryimage"},"image":{"@id":"https:\/\/www.fiestapero.com\/nouveausite\/#primaryimage"},"thumbnailUrl":"https:\/\/www.fiestapero.com\/nouveausite\/http:\/\/www.fiestapero.com\/img\/planlivraison.png","datePublished":"2012-12-05T16:25:23+00:00","dateModified":"2025-05-06T16:53:04+00:00","breadcrumb":{"@id":"https:\/\/www.fiestapero.com\/nouveausite\/#breadcrumb"},"inLanguage":"fr-FR","potentialAction":[{"@type":"ReadAction","target":["https:\/\/www.fiestapero.com\/nouveausite\/"]}]},{"@type":"ImageObject","inLanguage":"fr-FR","@id":"https:\/\/www.fiestapero.com\/nouveausite\/#primaryimage","url":"https:\/\/www.fiestapero.com\/nouveausite\/http:\/\/www.fiestapero.com\/img\/planlivraison.png","contentUrl":"https:\/\/www.fiestapero.com\/nouveausite\/http:\/\/www.fiestapero.com\/img\/planlivraison.png","width":623,"height":307},{"@type":"BreadcrumbList","@id":"https:\/\/www.fiestapero.com\/nouveausite\/#breadcrumb","itemListElement":[{"@type":"ListItem","position":1,"name":"Accueil","item":"https:\/\/www.fiestapero.com\/nouveausite\/"},{"@type":"ListItem","position":2,"name":"Livraison d&rsquo;ap\u00e9ritif \u00e0 domicile sur limoges et ses environs"}]},{"@type":"WebSite","@id":"https:\/\/www.fiestapero.com\/nouveausite\/#website","url":"https:\/\/www.fiestapero.com\/nouveausite\/","name":"Fiest'Ap\u00e9ro","description":"Livraison d&#039;ap\u00e9ro \u00e0 domicile","publisher":{"@id":"https:\/\/www.fiestapero.com\/nouveausite\/#organization"},"potentialAction":[{"@type":"SearchAction","target":{"@type":"EntryPoint","urlTemplate":"https:\/\/www.fiestapero.com\/nouveausite\/?s={search_term_string}"},"query-input":{"@type":"PropertyValueSpecification","valueRequired":true,"valueName":"search_term_string"}}],"inLanguage":"fr-FR"},{"@type":"Organization","@id":"https:\/\/www.fiestapero.com\/nouveausite\/#organization","name":"Fiest'Ap\u00e9ro","url":"https:\/\/www.fiestapero.com\/nouveausite\/","logo":{"@type":"ImageObject","inLanguage":"fr-FR","@id":"https:\/\/www.fiestapero.com\/nouveausite\/#\/schema\/logo\/image\/","url":"https:\/\/www.fiestapero.com\/nouveausite\/http:\/\/www.fiestapero.com\/img\/cropped-logo-fiestapero.jpg","contentUrl":"https:\/\/www.fiestapero.com\/nouveausite\/http:\/\/www.fiestapero.com\/img\/cropped-logo-fiestapero.jpg","width":1300,"height":434,"caption":"Fiest'Ap\u00e9ro"},"image":{"@id":"https:\/\/www.fiestapero.com\/nouveausite\/#\/schema\/logo\/image\/"},"sameAs":["https:\/\/www.facebook.com\/FiestaperoStaff","https:\/\/www.instagram.com\/fiestapero_limoges\/"]}]}},"_links":{"self":[{"href":"https:\/\/www.fiestapero.com\/nouveausite\/wp-json\/wp\/v2\/pages\/371","targetHints":{"allow":["GET"]}}],"collection":[{"href":"https:\/\/www.fiestapero.com\/nouveausite\/wp-json\/wp\/v2\/pages"}],"about":[{"href":"https:\/\/www.fiestapero.com\/nouveausite\/wp-json\/wp\/v2\/types\/page"}],"author":[{"embeddable":true,"href":"https:\/\/www.fiestapero.com\/nouveausite\/wp-json\/wp\/v2\/users\/4"}],"replies":[{"embeddable":true,"href":"https:\/\/www.fiestapero.com\/nouveausite\/wp-json\/wp\/v2\/comments?post=371"}],"version-history":[{"count":73,"href":"https:\/\/www.fiestapero.com\/nouveausite\/wp-json\/wp\/v2\/pages\/371\/revisions"}],"predecessor-version":[{"id":1955,"href":"https:\/\/www.fiestapero.com\/nouveausite\/wp-json\/wp\/v2\/pages\/371\/revisions\/1955"}],"wp:featuredmedia":[{"embeddable":true,"href":"https:\/\/www.fiestapero.com\/nouveausite\/wp-json\/wp\/v2\/media\/514"}],"wp:attachment":[{"href":"https:\/\/www.fiestapero.com\/nouveausite\/wp-json\/wp\/v2\/media?parent=371"}],"curies":[{"name":"wp","href":"https:\/\/api.w.org\/{rel}","templated":true}]}}