{"id":1277,"date":"2021-08-20T12:35:21","date_gmt":"2021-08-20T12:35:21","guid":{"rendered":"https:\/\/www.fiestapero.com\/nouveausite\/?page_id=1277"},"modified":"2021-08-20T12:35:21","modified_gmt":"2021-08-20T12:35:21","slug":"vodka-3","status":"publish","type":"page","link":"https:\/\/www.fiestapero.com\/nouveausite\/vodka-3\/","title":{"rendered":"Vodka"},"content":{"rendered":"<div class=\"woocommerce columns-4 \"><ul class=\"products columns-4\">\n<li class=\"product type-product post-37 status-publish first instock product_cat-vodka-alcool product_tag-poliakov product_tag-vodka has-post-thumbnail shipping-taxable purchasable product-type-simple\">\n\t<a href=\"https:\/\/www.fiestapero.com\/nouveausite\/produit\/poliakov-375\/\" class=\"woocommerce-LoopProduct-link woocommerce-loop-product__link\"><span class=\"et_shop_image\"><img loading=\"lazy\" decoding=\"async\" width=\"250\" height=\"250\" src=\"https:\/\/www.fiestapero.com\/nouveausite\/http:\/\/www.fiestapero.com\/img\/Poliakov-70cl-250x250.jpg\" class=\"attachment-woocommerce_thumbnail size-woocommerce_thumbnail\" alt=\"Poliakov\" \/><span class=\"et_overlay\"><\/span><\/span><h2 class=\"woocommerce-loop-product__title\">Poliakov<\/h2>\n\t<span class=\"price\"><span class=\"woocommerce-Price-amount amount\"><bdi>20.00&nbsp;<span class=\"woocommerce-Price-currencySymbol\">&euro;<\/span><\/bdi><\/span><\/span>\n<\/a><\/li>\n<li class=\"product type-product post-521 status-publish instock product_cat-vodka-alcool product_tag-eristoff-2 product_tag-vodka has-post-thumbnail shipping-taxable purchasable product-type-simple\">\n\t<a href=\"https:\/\/www.fiestapero.com\/nouveausite\/produit\/eristoff-37-5\/\" class=\"woocommerce-LoopProduct-link woocommerce-loop-product__link\"><span class=\"et_shop_image\"><img loading=\"lazy\" decoding=\"async\" width=\"250\" height=\"250\" src=\"https:\/\/www.fiestapero.com\/nouveausite\/http:\/\/www.fiestapero.com\/img\/Eristoff-70cl-250x250.jpg\" class=\"attachment-woocommerce_thumbnail size-woocommerce_thumbnail\" alt=\"Eristoff\" \/><span class=\"et_overlay\"><\/span><\/span><h2 class=\"woocommerce-loop-product__title\">Eristoff<\/h2>\n\t<span class=\"price\"><span class=\"woocommerce-Price-amount amount\"><bdi>24.00&nbsp;<span class=\"woocommerce-Price-currencySymbol\">&euro;<\/span><\/bdi><\/span><\/span>\n<\/a><\/li>\n<li class=\"product type-product post-46 status-publish instock product_cat-vodka-alcool product_tag-absolutt product_tag-vodka has-post-thumbnail shipping-taxable purchasable product-type-simple\">\n\t<a href=\"https:\/\/www.fiestapero.com\/nouveausite\/produit\/absolutt-40\/\" class=\"woocommerce-LoopProduct-link woocommerce-loop-product__link\"><span class=\"et_shop_image\"><img loading=\"lazy\" decoding=\"async\" width=\"250\" height=\"250\" src=\"https:\/\/www.fiestapero.com\/nouveausite\/http:\/\/www.fiestapero.com\/img\/Absolut-70cl-250x250.jpg\" class=\"attachment-woocommerce_thumbnail size-woocommerce_thumbnail\" alt=\"Absolut\" \/><span class=\"et_overlay\"><\/span><\/span><h2 class=\"woocommerce-loop-product__title\">Absolut<\/h2>\n\t<span class=\"price\"><span class=\"woocommerce-Price-amount amount\"><bdi>27.00&nbsp;<span class=\"woocommerce-Price-currencySymbol\">&euro;<\/span><\/bdi><\/span><\/span>\n<\/a><\/li>\n<li class=\"product type-product post-49 status-publish last instock product_cat-vodka-alcool product_tag-1litre product_tag-vodka has-post-thumbnail shipping-taxable purchasable product-type-simple\">\n\t<a href=\"https:\/\/www.fiestapero.com\/nouveausite\/produit\/poliakov-1l-37-5\/\" class=\"woocommerce-LoopProduct-link woocommerce-loop-product__link\"><span class=\"et_shop_image\"><img loading=\"lazy\" decoding=\"async\" width=\"250\" height=\"250\" src=\"https:\/\/www.fiestapero.com\/nouveausite\/http:\/\/www.fiestapero.com\/img\/Poliakov-1L-250x250.jpg\" class=\"attachment-woocommerce_thumbnail size-woocommerce_thumbnail\" alt=\"Poliakov 1L\" \/><span class=\"et_overlay\"><\/span><\/span><h2 class=\"woocommerce-loop-product__title\">Poliakov 1L<\/h2>\n\t<span class=\"price\"><span class=\"woocommerce-Price-amount amount\"><bdi>27.00&nbsp;<span class=\"woocommerce-Price-currencySymbol\">&euro;<\/span><\/bdi><\/span><\/span>\n<\/a><\/li>\n<li class=\"product type-product post-937 status-publish first instock product_cat-vodka-alcool has-post-thumbnail shipping-taxable purchasable product-type-simple\">\n\t<a href=\"https:\/\/www.fiestapero.com\/nouveausite\/produit\/absolut-lime-citron-citron-vert\/\" class=\"woocommerce-LoopProduct-link woocommerce-loop-product__link\"><span class=\"et_shop_image\"><img loading=\"lazy\" decoding=\"async\" width=\"250\" height=\"250\" src=\"https:\/\/www.fiestapero.com\/nouveausite\/http:\/\/www.fiestapero.com\/img\/Absolut-Lime-250x250.jpg\" class=\"attachment-woocommerce_thumbnail size-woocommerce_thumbnail\" alt=\"Absolut Lime\" \/><span class=\"et_overlay\"><\/span><\/span><h2 class=\"woocommerce-loop-product__title\">Absolut Lime<\/h2>\n\t<span class=\"price\"><span class=\"woocommerce-Price-amount amount\"><bdi>30.00&nbsp;<span class=\"woocommerce-Price-currencySymbol\">&euro;<\/span><\/bdi><\/span><\/span>\n<\/a><\/li>\n<li class=\"product type-product post-938 status-publish instock product_cat-vodka-alcool has-post-thumbnail shipping-taxable purchasable product-type-simple\">\n\t<a href=\"https:\/\/www.fiestapero.com\/nouveausite\/produit\/absolut-raspberri\/\" class=\"woocommerce-LoopProduct-link woocommerce-loop-product__link\"><span class=\"et_shop_image\"><img loading=\"lazy\" decoding=\"async\" width=\"250\" height=\"250\" src=\"https:\/\/www.fiestapero.com\/nouveausite\/http:\/\/www.fiestapero.com\/img\/Absolut-Raspberri-250x250.jpg\" class=\"attachment-woocommerce_thumbnail size-woocommerce_thumbnail\" alt=\"Absolut Raspberri\" \/><span class=\"et_overlay\"><\/span><\/span><h2 class=\"woocommerce-loop-product__title\">Absolut Raspberri<\/h2>\n\t<span class=\"price\"><span class=\"woocommerce-Price-amount amount\"><bdi>30.00&nbsp;<span class=\"woocommerce-Price-currencySymbol\">&euro;<\/span><\/bdi><\/span><\/span>\n<\/a><\/li>\n<li class=\"product type-product post-939 status-publish instock product_cat-vodka-alcool has-post-thumbnail shipping-taxable purchasable product-type-simple\">\n\t<a href=\"https:\/\/www.fiestapero.com\/nouveausite\/produit\/absolut-mango\/\" class=\"woocommerce-LoopProduct-link woocommerce-loop-product__link\"><span class=\"et_shop_image\"><img loading=\"lazy\" decoding=\"async\" width=\"250\" height=\"250\" src=\"https:\/\/www.fiestapero.com\/nouveausite\/http:\/\/www.fiestapero.com\/img\/absolut-vodka-mangue-250x250.jpg\" class=\"attachment-woocommerce_thumbnail size-woocommerce_thumbnail\" alt=\"Absolut Mango\" \/><span class=\"et_overlay\"><\/span><\/span><h2 class=\"woocommerce-loop-product__title\">Absolut Mango<\/h2>\n\t<span class=\"price\"><span class=\"woocommerce-Price-amount amount\"><bdi>30.00&nbsp;<span class=\"woocommerce-Price-currencySymbol\">&euro;<\/span><\/bdi><\/span><\/span>\n<\/a><\/li>\n<li class=\"product type-product post-1836 status-publish last instock product_cat-vodka-alcool has-post-thumbnail shipping-taxable purchasable product-type-simple\">\n\t<a href=\"https:\/\/www.fiestapero.com\/nouveausite\/produit\/absolut-peche\/\" class=\"woocommerce-LoopProduct-link woocommerce-loop-product__link\"><span class=\"et_shop_image\"><img loading=\"lazy\" decoding=\"async\" width=\"250\" height=\"250\" src=\"https:\/\/www.fiestapero.com\/nouveausite\/http:\/\/www.fiestapero.com\/img\/Absolut-peach-250x250.png\" class=\"attachment-woocommerce_thumbnail size-woocommerce_thumbnail\" alt=\"Absolut Peach\" srcset=\"https:\/\/www.fiestapero.com\/nouveausite\/http:\/\/www.fiestapero.com\/img\/Absolut-peach-250x250.png 250w, https:\/\/www.fiestapero.com\/nouveausite\/http:\/\/www.fiestapero.com\/img\/Absolut-peach-300x300.png 300w, https:\/\/www.fiestapero.com\/nouveausite\/http:\/\/www.fiestapero.com\/img\/Absolut-peach-234x234.png 234w, https:\/\/www.fiestapero.com\/nouveausite\/http:\/\/www.fiestapero.com\/img\/Absolut-peach-100x100.png 100w, https:\/\/www.fiestapero.com\/nouveausite\/http:\/\/www.fiestapero.com\/img\/Absolut-peach.png 400w\" sizes=\"(max-width: 250px) 100vw, 250px\" \/><span class=\"et_overlay\"><\/span><\/span><h2 class=\"woocommerce-loop-product__title\">Absolut Peach<\/h2>\n\t<span class=\"price\"><span class=\"woocommerce-Price-amount amount\"><bdi>30.00&nbsp;<span class=\"woocommerce-Price-currencySymbol\">&euro;<\/span><\/bdi><\/span><\/span>\n<\/a><\/li>\n<li class=\"product type-product post-1837 status-publish first instock product_cat-vodka-alcool has-post-thumbnail shipping-taxable purchasable product-type-simple\">\n\t<a href=\"https:\/\/www.fiestapero.com\/nouveausite\/produit\/absolut-watermelon\/\" class=\"woocommerce-LoopProduct-link woocommerce-loop-product__link\"><span class=\"et_shop_image\"><img loading=\"lazy\" decoding=\"async\" width=\"250\" height=\"250\" src=\"https:\/\/www.fiestapero.com\/nouveausite\/http:\/\/www.fiestapero.com\/img\/Absolut-Watermelon-250x250.png\" class=\"attachment-woocommerce_thumbnail size-woocommerce_thumbnail\" alt=\"Absolut Watermelon\" srcset=\"https:\/\/www.fiestapero.com\/nouveausite\/http:\/\/www.fiestapero.com\/img\/Absolut-Watermelon-250x250.png 250w, https:\/\/www.fiestapero.com\/nouveausite\/http:\/\/www.fiestapero.com\/img\/Absolut-Watermelon-300x300.png 300w, https:\/\/www.fiestapero.com\/nouveausite\/http:\/\/www.fiestapero.com\/img\/Absolut-Watermelon-234x234.png 234w, https:\/\/www.fiestapero.com\/nouveausite\/http:\/\/www.fiestapero.com\/img\/Absolut-Watermelon-100x100.png 100w, https:\/\/www.fiestapero.com\/nouveausite\/http:\/\/www.fiestapero.com\/img\/Absolut-Watermelon.png 400w\" sizes=\"(max-width: 250px) 100vw, 250px\" \/><span class=\"et_overlay\"><\/span><\/span><h2 class=\"woocommerce-loop-product__title\">Absolut Watermelon<\/h2>\n\t<span class=\"price\"><span class=\"woocommerce-Price-amount amount\"><bdi>30.00&nbsp;<span class=\"woocommerce-Price-currencySymbol\">&euro;<\/span><\/bdi><\/span><\/span>\n<\/a><\/li>\n<li class=\"product type-product post-814 status-publish instock product_cat-vodka-alcool product_tag-ciroc product_tag-vodka has-post-thumbnail shipping-taxable purchasable product-type-simple\">\n\t<a href=\"https:\/\/www.fiestapero.com\/nouveausite\/produit\/ciroc-40\/\" class=\"woocommerce-LoopProduct-link woocommerce-loop-product__link\"><span class=\"et_shop_image\"><img loading=\"lazy\" decoding=\"async\" width=\"250\" height=\"250\" src=\"https:\/\/www.fiestapero.com\/nouveausite\/http:\/\/www.fiestapero.com\/img\/Ciroc-250x250.jpg\" class=\"attachment-woocommerce_thumbnail size-woocommerce_thumbnail\" alt=\"Ciroc Blue\" \/><span class=\"et_overlay\"><\/span><\/span><h2 class=\"woocommerce-loop-product__title\">Ciroc Blue<\/h2>\n\t<span class=\"price\"><span class=\"woocommerce-Price-amount amount\"><bdi>55.00&nbsp;<span class=\"woocommerce-Price-currencySymbol\">&euro;<\/span><\/bdi><\/span><\/span>\n<\/a><\/li>\n<li class=\"product type-product post-941 status-publish instock product_cat-vodka-alcool has-post-thumbnail shipping-taxable purchasable product-type-simple\">\n\t<a href=\"https:\/\/www.fiestapero.com\/nouveausite\/produit\/belvedere\/\" class=\"woocommerce-LoopProduct-link woocommerce-loop-product__link\"><span class=\"et_shop_image\"><img loading=\"lazy\" decoding=\"async\" width=\"250\" height=\"250\" src=\"https:\/\/www.fiestapero.com\/nouveausite\/http:\/\/www.fiestapero.com\/img\/Belvedere-70cl-250x250.jpg\" class=\"attachment-woocommerce_thumbnail size-woocommerce_thumbnail\" alt=\"Belvedere\" \/><span class=\"et_overlay\"><\/span><\/span><h2 class=\"woocommerce-loop-product__title\">Belvedere<\/h2>\n\t<span class=\"price\"><span class=\"woocommerce-Price-amount amount\"><bdi>55.00&nbsp;<span class=\"woocommerce-Price-currencySymbol\">&euro;<\/span><\/bdi><\/span><\/span>\n<\/a><\/li>\n<li class=\"product type-product post-942 status-publish last instock product_cat-vodka-alcool has-post-thumbnail shipping-taxable purchasable product-type-simple\">\n\t<a href=\"https:\/\/www.fiestapero.com\/nouveausite\/produit\/ciroc-mangue\/\" class=\"woocommerce-LoopProduct-link woocommerce-loop-product__link\"><span class=\"et_shop_image\"><img loading=\"lazy\" decoding=\"async\" width=\"250\" height=\"250\" src=\"https:\/\/www.fiestapero.com\/nouveausite\/http:\/\/www.fiestapero.com\/img\/Ciroc-Mangue-250x250.jpg\" class=\"attachment-woocommerce_thumbnail size-woocommerce_thumbnail\" alt=\"Ciroc Mango\" \/><span class=\"et_overlay\"><\/span><\/span><h2 class=\"woocommerce-loop-product__title\">Ciroc Mango<\/h2>\n\t<span class=\"price\"><span class=\"woocommerce-Price-amount amount\"><bdi>60.00&nbsp;<span class=\"woocommerce-Price-currencySymbol\">&euro;<\/span><\/bdi><\/span><\/span>\n<\/a><\/li>\n<li class=\"product type-product post-943 status-publish first instock product_cat-vodka-alcool has-post-thumbnail shipping-taxable purchasable product-type-simple\">\n\t<a href=\"https:\/\/www.fiestapero.com\/nouveausite\/produit\/ciroc-peche\/\" class=\"woocommerce-LoopProduct-link woocommerce-loop-product__link\"><span class=\"et_shop_image\"><img loading=\"lazy\" decoding=\"async\" width=\"250\" height=\"250\" src=\"https:\/\/www.fiestapero.com\/nouveausite\/http:\/\/www.fiestapero.com\/img\/Ciroc-Peach-250x250.png\" class=\"attachment-woocommerce_thumbnail size-woocommerce_thumbnail\" alt=\"Ciroc Peach\" srcset=\"https:\/\/www.fiestapero.com\/nouveausite\/http:\/\/www.fiestapero.com\/img\/Ciroc-Peach-250x250.png 250w, https:\/\/www.fiestapero.com\/nouveausite\/http:\/\/www.fiestapero.com\/img\/Ciroc-Peach-100x100.png 100w, https:\/\/www.fiestapero.com\/nouveausite\/http:\/\/www.fiestapero.com\/img\/Ciroc-Peach-300x300.png 300w, https:\/\/www.fiestapero.com\/nouveausite\/http:\/\/www.fiestapero.com\/img\/Ciroc-Peach-234x234.png 234w, https:\/\/www.fiestapero.com\/nouveausite\/http:\/\/www.fiestapero.com\/img\/Ciroc-Peach-200x200.png 200w, https:\/\/www.fiestapero.com\/nouveausite\/http:\/\/www.fiestapero.com\/img\/Ciroc-Peach-150x150.png 150w, https:\/\/www.fiestapero.com\/nouveausite\/http:\/\/www.fiestapero.com\/img\/Ciroc-Peach.png 400w\" sizes=\"(max-width: 250px) 100vw, 250px\" \/><span class=\"et_overlay\"><\/span><\/span><h2 class=\"woocommerce-loop-product__title\">Ciroc Peach<\/h2>\n\t<span class=\"price\"><span class=\"woocommerce-Price-amount amount\"><bdi>60.00&nbsp;<span class=\"woocommerce-Price-currencySymbol\">&euro;<\/span><\/bdi><\/span><\/span>\n<\/a><\/li>\n<li class=\"product type-product post-944 status-publish instock product_cat-vodka-alcool has-post-thumbnail shipping-taxable purchasable product-type-simple\">\n\t<a href=\"https:\/\/www.fiestapero.com\/nouveausite\/produit\/ciroc-ananas\/\" class=\"woocommerce-LoopProduct-link woocommerce-loop-product__link\"><span class=\"et_shop_image\"><img loading=\"lazy\" decoding=\"async\" width=\"250\" height=\"250\" src=\"https:\/\/www.fiestapero.com\/nouveausite\/http:\/\/www.fiestapero.com\/img\/Ciroc-Ananas-250x250.jpg\" class=\"attachment-woocommerce_thumbnail size-woocommerce_thumbnail\" alt=\"Ciroc Pineapple\" \/><span class=\"et_overlay\"><\/span><\/span><h2 class=\"woocommerce-loop-product__title\">Ciroc Pineapple<\/h2>\n\t<span class=\"price\"><span class=\"woocommerce-Price-amount amount\"><bdi>60.00&nbsp;<span class=\"woocommerce-Price-currencySymbol\">&euro;<\/span><\/bdi><\/span><\/span>\n<\/a><\/li>\n<li class=\"product type-product post-945 status-publish instock product_cat-vodka-alcool has-post-thumbnail shipping-taxable purchasable product-type-simple\">\n\t<a href=\"https:\/\/www.fiestapero.com\/nouveausite\/produit\/ciroc-pomme\/\" class=\"woocommerce-LoopProduct-link woocommerce-loop-product__link\"><span class=\"et_shop_image\"><img loading=\"lazy\" decoding=\"async\" width=\"250\" height=\"250\" src=\"https:\/\/www.fiestapero.com\/nouveausite\/http:\/\/www.fiestapero.com\/img\/Ciroc-Pomme-250x250.jpg\" class=\"attachment-woocommerce_thumbnail size-woocommerce_thumbnail\" alt=\"Ciroc Apple\" \/><span class=\"et_overlay\"><\/span><\/span><h2 class=\"woocommerce-loop-product__title\">Ciroc Apple<\/h2>\n\t<span class=\"price\"><span class=\"woocommerce-Price-amount amount\"><bdi>60.00&nbsp;<span class=\"woocommerce-Price-currencySymbol\">&euro;<\/span><\/bdi><\/span><\/span>\n<\/a><\/li>\n<li class=\"product type-product post-946 status-publish last instock product_cat-vodka-alcool has-post-thumbnail shipping-taxable purchasable product-type-simple\">\n\t<a href=\"https:\/\/www.fiestapero.com\/nouveausite\/produit\/ciroc-fruits-rouge\/\" class=\"woocommerce-LoopProduct-link woocommerce-loop-product__link\"><span class=\"et_shop_image\"><img loading=\"lazy\" decoding=\"async\" width=\"250\" height=\"250\" src=\"https:\/\/www.fiestapero.com\/nouveausite\/http:\/\/www.fiestapero.com\/img\/Ciroc-Fruits-Rouges-250x250.jpg\" class=\"attachment-woocommerce_thumbnail size-woocommerce_thumbnail\" alt=\"Ciroc Red Berry\" \/><span class=\"et_overlay\"><\/span><\/span><h2 class=\"woocommerce-loop-product__title\">Ciroc Red Berry<\/h2>\n\t<span class=\"price\"><span class=\"woocommerce-Price-amount amount\"><bdi>60.00&nbsp;<span class=\"woocommerce-Price-currencySymbol\">&euro;<\/span><\/bdi><\/span><\/span>\n<\/a><\/li>\n<li class=\"product type-product post-1506 status-publish first instock product_cat-vodka-alcool has-post-thumbnail shipping-taxable purchasable product-type-simple\">\n\t<a href=\"https:\/\/www.fiestapero.com\/nouveausite\/produit\/ciroc-coco\/\" class=\"woocommerce-LoopProduct-link woocommerce-loop-product__link\"><span class=\"et_shop_image\"><img loading=\"lazy\" decoding=\"async\" width=\"250\" height=\"250\" src=\"https:\/\/www.fiestapero.com\/nouveausite\/http:\/\/www.fiestapero.com\/img\/ciroc-coco-250x250.png\" class=\"attachment-woocommerce_thumbnail size-woocommerce_thumbnail\" alt=\"Ciroc Coconut\" srcset=\"https:\/\/www.fiestapero.com\/nouveausite\/http:\/\/www.fiestapero.com\/img\/ciroc-coco-250x250.png 250w, https:\/\/www.fiestapero.com\/nouveausite\/http:\/\/www.fiestapero.com\/img\/ciroc-coco-300x300.png 300w, https:\/\/www.fiestapero.com\/nouveausite\/http:\/\/www.fiestapero.com\/img\/ciroc-coco-234x234.png 234w, https:\/\/www.fiestapero.com\/nouveausite\/http:\/\/www.fiestapero.com\/img\/ciroc-coco-100x100.png 100w, https:\/\/www.fiestapero.com\/nouveausite\/http:\/\/www.fiestapero.com\/img\/ciroc-coco.png 400w\" sizes=\"(max-width: 250px) 100vw, 250px\" \/><span class=\"et_overlay\"><\/span><\/span><h2 class=\"woocommerce-loop-product__title\">Ciroc Coconut<\/h2>\n\t<span class=\"price\"><span class=\"woocommerce-Price-amount amount\"><bdi>60.00&nbsp;<span class=\"woocommerce-Price-currencySymbol\">&euro;<\/span><\/bdi><\/span><\/span>\n<\/a><\/li>\n<\/ul>\n<\/div>\n","protected":false},"excerpt":{"rendered":"","protected":false},"author":4,"featured_media":0,"parent":0,"menu_order":0,"comment_status":"closed","ping_status":"closed","template":"","meta":{"_et_pb_use_builder":"","_et_pb_old_content":"","_et_gb_content_width":"","footnotes":""},"class_list":["post-1277","page","type-page","status-publish","hentry"],"yoast_head":"<!-- This site is optimized with the Yoast SEO plugin v27.1.1 - https:\/\/yoast.com\/product\/yoast-seo-wordpress\/ -->\n<title>Vodka - Fiesta Apero<\/title>\n<meta name=\"robots\" content=\"index, follow, max-snippet:-1, max-image-preview:large, max-video-preview:-1\" \/>\n<link rel=\"canonical\" href=\"https:\/\/www.fiestapero.com\/nouveausite\/vodka-3\/\" \/>\n<meta property=\"og:locale\" content=\"fr_FR\" \/>\n<meta property=\"og:type\" content=\"article\" \/>\n<meta property=\"og:title\" content=\"Vodka - Fiesta Apero\" \/>\n<meta property=\"og:url\" content=\"https:\/\/www.fiestapero.com\/nouveausite\/vodka-3\/\" \/>\n<meta property=\"og:site_name\" content=\"Fiesta Apero\" \/>\n<meta property=\"article:publisher\" content=\"https:\/\/www.facebook.com\/FiestaperoStaff\" \/>\n<meta name=\"twitter:card\" content=\"summary_large_image\" \/>\n<script type=\"application\/ld+json\" class=\"yoast-schema-graph\">{\"@context\":\"https:\/\/schema.org\",\"@graph\":[{\"@type\":\"WebPage\",\"@id\":\"https:\/\/www.fiestapero.com\/nouveausite\/vodka-3\/\",\"url\":\"https:\/\/www.fiestapero.com\/nouveausite\/vodka-3\/\",\"name\":\"Vodka - Fiesta Apero\",\"isPartOf\":{\"@id\":\"https:\/\/www.fiestapero.com\/nouveausite\/#website\"},\"datePublished\":\"2021-08-20T12:35:21+00:00\",\"breadcrumb\":{\"@id\":\"https:\/\/www.fiestapero.com\/nouveausite\/vodka-3\/#breadcrumb\"},\"inLanguage\":\"fr-FR\",\"potentialAction\":[{\"@type\":\"ReadAction\",\"target\":[\"https:\/\/www.fiestapero.com\/nouveausite\/vodka-3\/\"]}]},{\"@type\":\"BreadcrumbList\",\"@id\":\"https:\/\/www.fiestapero.com\/nouveausite\/vodka-3\/#breadcrumb\",\"itemListElement\":[{\"@type\":\"ListItem\",\"position\":1,\"name\":\"Accueil\",\"item\":\"https:\/\/www.fiestapero.com\/nouveausite\/\"},{\"@type\":\"ListItem\",\"position\":2,\"name\":\"Vodka\"}]},{\"@type\":\"WebSite\",\"@id\":\"https:\/\/www.fiestapero.com\/nouveausite\/#website\",\"url\":\"https:\/\/www.fiestapero.com\/nouveausite\/\",\"name\":\"Fiest'Ap\u00e9ro\",\"description\":\"Livraison d&#039;ap\u00e9ro \u00e0 domicile\",\"publisher\":{\"@id\":\"https:\/\/www.fiestapero.com\/nouveausite\/#organization\"},\"potentialAction\":[{\"@type\":\"SearchAction\",\"target\":{\"@type\":\"EntryPoint\",\"urlTemplate\":\"https:\/\/www.fiestapero.com\/nouveausite\/?s={search_term_string}\"},\"query-input\":{\"@type\":\"PropertyValueSpecification\",\"valueRequired\":true,\"valueName\":\"search_term_string\"}}],\"inLanguage\":\"fr-FR\"},{\"@type\":\"Organization\",\"@id\":\"https:\/\/www.fiestapero.com\/nouveausite\/#organization\",\"name\":\"Fiest'Ap\u00e9ro\",\"url\":\"https:\/\/www.fiestapero.com\/nouveausite\/\",\"logo\":{\"@type\":\"ImageObject\",\"inLanguage\":\"fr-FR\",\"@id\":\"https:\/\/www.fiestapero.com\/nouveausite\/#\/schema\/logo\/image\/\",\"url\":\"https:\/\/www.fiestapero.com\/nouveausite\/http:\/\/www.fiestapero.com\/img\/cropped-logo-fiestapero.jpg\",\"contentUrl\":\"https:\/\/www.fiestapero.com\/nouveausite\/http:\/\/www.fiestapero.com\/img\/cropped-logo-fiestapero.jpg\",\"width\":1300,\"height\":434,\"caption\":\"Fiest'Ap\u00e9ro\"},\"image\":{\"@id\":\"https:\/\/www.fiestapero.com\/nouveausite\/#\/schema\/logo\/image\/\"},\"sameAs\":[\"https:\/\/www.facebook.com\/FiestaperoStaff\",\"https:\/\/www.instagram.com\/fiestapero_limoges\/\"]}]}<\/script>\n<!-- \/ Yoast SEO plugin. -->","yoast_head_json":{"title":"Vodka - Fiesta Apero","robots":{"index":"index","follow":"follow","max-snippet":"max-snippet:-1","max-image-preview":"max-image-preview:large","max-video-preview":"max-video-preview:-1"},"canonical":"https:\/\/www.fiestapero.com\/nouveausite\/vodka-3\/","og_locale":"fr_FR","og_type":"article","og_title":"Vodka - Fiesta Apero","og_url":"https:\/\/www.fiestapero.com\/nouveausite\/vodka-3\/","og_site_name":"Fiesta Apero","article_publisher":"https:\/\/www.facebook.com\/FiestaperoStaff","twitter_card":"summary_large_image","schema":{"@context":"https:\/\/schema.org","@graph":[{"@type":"WebPage","@id":"https:\/\/www.fiestapero.com\/nouveausite\/vodka-3\/","url":"https:\/\/www.fiestapero.com\/nouveausite\/vodka-3\/","name":"Vodka - Fiesta Apero","isPartOf":{"@id":"https:\/\/www.fiestapero.com\/nouveausite\/#website"},"datePublished":"2021-08-20T12:35:21+00:00","breadcrumb":{"@id":"https:\/\/www.fiestapero.com\/nouveausite\/vodka-3\/#breadcrumb"},"inLanguage":"fr-FR","potentialAction":[{"@type":"ReadAction","target":["https:\/\/www.fiestapero.com\/nouveausite\/vodka-3\/"]}]},{"@type":"BreadcrumbList","@id":"https:\/\/www.fiestapero.com\/nouveausite\/vodka-3\/#breadcrumb","itemListElement":[{"@type":"ListItem","position":1,"name":"Accueil","item":"https:\/\/www.fiestapero.com\/nouveausite\/"},{"@type":"ListItem","position":2,"name":"Vodka"}]},{"@type":"WebSite","@id":"https:\/\/www.fiestapero.com\/nouveausite\/#website","url":"https:\/\/www.fiestapero.com\/nouveausite\/","name":"Fiest'Ap\u00e9ro","description":"Livraison d&#039;ap\u00e9ro \u00e0 domicile","publisher":{"@id":"https:\/\/www.fiestapero.com\/nouveausite\/#organization"},"potentialAction":[{"@type":"SearchAction","target":{"@type":"EntryPoint","urlTemplate":"https:\/\/www.fiestapero.com\/nouveausite\/?s={search_term_string}"},"query-input":{"@type":"PropertyValueSpecification","valueRequired":true,"valueName":"search_term_string"}}],"inLanguage":"fr-FR"},{"@type":"Organization","@id":"https:\/\/www.fiestapero.com\/nouveausite\/#organization","name":"Fiest'Ap\u00e9ro","url":"https:\/\/www.fiestapero.com\/nouveausite\/","logo":{"@type":"ImageObject","inLanguage":"fr-FR","@id":"https:\/\/www.fiestapero.com\/nouveausite\/#\/schema\/logo\/image\/","url":"https:\/\/www.fiestapero.com\/nouveausite\/http:\/\/www.fiestapero.com\/img\/cropped-logo-fiestapero.jpg","contentUrl":"https:\/\/www.fiestapero.com\/nouveausite\/http:\/\/www.fiestapero.com\/img\/cropped-logo-fiestapero.jpg","width":1300,"height":434,"caption":"Fiest'Ap\u00e9ro"},"image":{"@id":"https:\/\/www.fiestapero.com\/nouveausite\/#\/schema\/logo\/image\/"},"sameAs":["https:\/\/www.facebook.com\/FiestaperoStaff","https:\/\/www.instagram.com\/fiestapero_limoges\/"]}]}},"_links":{"self":[{"href":"https:\/\/www.fiestapero.com\/nouveausite\/wp-json\/wp\/v2\/pages\/1277","targetHints":{"allow":["GET"]}}],"collection":[{"href":"https:\/\/www.fiestapero.com\/nouveausite\/wp-json\/wp\/v2\/pages"}],"about":[{"href":"https:\/\/www.fiestapero.com\/nouveausite\/wp-json\/wp\/v2\/types\/page"}],"author":[{"embeddable":true,"href":"https:\/\/www.fiestapero.com\/nouveausite\/wp-json\/wp\/v2\/users\/4"}],"replies":[{"embeddable":true,"href":"https:\/\/www.fiestapero.com\/nouveausite\/wp-json\/wp\/v2\/comments?post=1277"}],"version-history":[{"count":1,"href":"https:\/\/www.fiestapero.com\/nouveausite\/wp-json\/wp\/v2\/pages\/1277\/revisions"}],"predecessor-version":[{"id":1278,"href":"https:\/\/www.fiestapero.com\/nouveausite\/wp-json\/wp\/v2\/pages\/1277\/revisions\/1278"}],"wp:attachment":[{"href":"https:\/\/www.fiestapero.com\/nouveausite\/wp-json\/wp\/v2\/media?parent=1277"}],"curies":[{"name":"wp","href":"https:\/\/api.w.org\/{rel}","templated":true}]}}